{"id":291,"date":"2024-11-11T12:35:44","date_gmt":"2024-11-11T11:35:44","guid":{"rendered":"https:\/\/oao.de\/draft\/wips\/?page_id=291"},"modified":"2024-11-11T12:42:26","modified_gmt":"2024-11-11T11:42:26","slug":"agb","status":"publish","type":"page","link":"https:\/\/oao.de\/draft\/wips\/agb\/","title":{"rendered":"AGB"},"content":{"rendered":"<p>[vc_section el_id=&#8220;start&#8220; css=&#8220;.vc_custom_1731325310859{background-color: #2966a2 !important;}&#8220;][vc_row][vc_column][vc_column_text]<\/p>\n<h1 style=\"text-align: center;\">Allgemeine Gesch\u00e4ftsbedingungen<\/h1>\n<p>[\/vc_column_text][\/vc_column][\/vc_row][\/vc_section][vc_section][vc_row el_class=&#8220;it-container&#8220;][vc_column][vc_column_text]<\/p>\n<h2>Auftragsannahme<\/h2>\n<p>Alle Auftr\u00e4ge bed\u00fcrfen der schriftlichen Auftragsbest\u00e4tigung.<\/p>\n<h2>Lieferbedingungen<\/h2>\n<p>Lieferung unfrei ab Beilngries.<\/p>\n<h2>Zahlungsbedingungen<\/h2>\n<p>Rechnungen sind &#8211; nach Erhalt der Rechnung &#8211; innerhalb 14 Tagen ohne Abzug zur Zahlung f\u00e4llig. Bei einem Auftragsvolumen ab 10.000 \u20ac ergibt sich folgende Zahlungsweise:<\/p>\n<ul>\n<li>40% nach Erhalt des Auftrages,<\/li>\n<li>40% nach Installation der Software TeMIS-WIPS,<\/li>\n<li>20% plus angefallene Reisekosten und Spesen nach Abnahme.<\/li>\n<\/ul>\n<p>Alle Preise verstehen sich freibleibend in Euro (\u20ac), zuz\u00fcglich der zum jeweiligen Zeitpunkt der Lieferung gesetzlich g\u00fcltigen Mehrwertsteuer. Ist der Kunde in Verzug, so sind wir berechtigt Zinsen, mindestens 6 % \u00fcber dem Bundesbankdis-<br \/>\nkontsatz, zu berechnen.<br \/>\nWeitere Details bzgl. unseren AGB&#8217;s stellen wir Ihnen gerne auf\u00a0Anfrage\u00a0zur Verf\u00fcgung.<\/p>\n<h2>Stornogeb\u00fchren<\/h2>\n<p>Die <em><strong>WIPS<sup>\u00ae<\/sup>-EVG <\/strong><\/em>beh\u00e4lt sich das Recht vor, Kurse mangels Teilnehmerzahl bis sp\u00e4testens eine Woche vor Kursbeginn zu stornieren. Bei Kursteilnehmern, die sich bis 2 Wochen vor Kursbeginn schriftlich oder per Fax abmelden, berechnen wir eine Pauschale in H\u00f6he von 50% der Kursgeb\u00fchr. Bei Abmeldung innerhalb der letzten beiden Wochen vor Kursbeginn berechnen wir als Pauschale die volle Kursgeb\u00fchr.<\/p>\n<h2>Hotline<\/h2>\n<p>Sie erreichen uns: Mo &#8211; Fr 09:00 &#8211; 12:00 Uhr und 13:00 &#8211; 16:00 Uhr, in dringenden F\u00e4llen w\u00e4hlen Sie: +49 (0)175 24 175 29.<br \/>\nKunden, die einen Wartungsvertrag mit uns haben, ist die Hotline kostenfrei.<br \/>\nKunden, die keinen Wartungsvertrag mit uns haben, ist die Hotline ebenfalls innerhalb in den ersten 3 Monaten &#8211; nach dem Kaufdatum &#8211; kostenfrei. Danach berechnen wir 15 \u20ac pro angefangene 10 Minuten. Die Rechnungsstellung erfolgt jeweils im Folgemonat. Es gelten auch hierf\u00fcr die o.g. Zahlungsbedingungen.<\/p>\n<h2>Eigentumsvorbehalt<\/h2>\n<p>Die Ware bleibt bis zur vollst\u00e4ndigen Bezahlung aller Forderungen unser Eigentum.<\/p>\n<div class=\"teaser-right\">\n<h2>Gew\u00e4hrleistung<\/h2>\n<p>Die Gew\u00e4hrleistung endet sechs Monate nach Auslieferung des Programms. Das Programm und die Beschreibung sind nach bestem Wissen erstellt worden. Dem Lizenznehmer ist bekannt, dass nach dem Stand der Technik Fehler in Programmen und dem dazugeh\u00f6rigen sonstigen Material nicht ausgeschlossen werden k\u00f6nnen. Die Haftung der Firma <strong>WIPS<sup>\u00ae<\/sup>-EVG<\/strong>, gleich aus welchem Rechtsgrund beschr\u00e4nkt sich auf die Behebung von reproduzierbaren Fehlern innerhalb obigen Zeitraums. Sofern der Lizenznehmer Fehler feststellt, hat er diese unverz\u00fcglich der <strong>WIPS<sup>\u00ae<\/sup>-EVG <\/strong>schriftlich mitzuteilen und dabei die erforderlichen Angaben f\u00fcr die Beurteilung des Fehlers zur Verf\u00fcgung zu stellen. <strong>WIPS<sup>\u00ae<\/sup>-EVG<\/strong> bem\u00fcht sich, etwaige Programmfehler so schnell wie m\u00f6glich, sp\u00e4testens jedoch innerhalb von zwei Monaten zu beheben. Ist dies nicht m\u00f6glich, so hat der Kunde ein Anspruch auf Wandlung. In diesem Fall hat der Kunde auf seine Kosten und Gefahr das Softwarepaket an <strong>WIPS<sup>\u00ae<\/sup>-EVG<\/strong> zur\u00fcckzugeben und rechtskr\u00e4ftig schriftlich mitzuteilen, dass alle Kopien vollst\u00e4ndig gel\u00f6scht sind. Ihm wird sodann der Lizenzpreis erstattet. Die <strong>WIPS<sup>\u00ae<\/sup>-EVG<\/strong> garantiert nur die bestimmungsgem\u00e4\u00dfe Eignung der Vertragsgegenst\u00e4nde. F\u00fcr den unsachgem\u00e4\u00dfen Gebrauch der CD-ROM und der darauf befindlichen Software durch den Lizenznehmer bzw. Nutzer haftet die <strong>WIPS<sup>\u00ae<\/sup>-EVG<\/strong> nicht. Ausschlie\u00dflich der Lizenznehmer ist f\u00fcr die Auswahl des Programms, dessen Einsatz und Nutzung verantwortlich. Der Lizenzgeber ist nicht haftbar f\u00fcr den Verlust oder die Ungenauigkeit von Daten, unabh\u00e4ngig von den Ursachen. F\u00fcr die Sicherung der Daten ist der Lizenznehmer verantwortlich. Eine Haftung f\u00fcr Anspr\u00fcche Dritter, die wegen der Verwendung der Datens\u00e4tze erhoben werden, ist ausgeschlossen. <strong>WIPS<sup>\u00ae<\/sup>-EVG <\/strong>haftet nicht f\u00fcr entgangenen Gewinn, f\u00fcr Sch\u00e4den aus Anspr\u00fcchen gegen\u00fcber dem Lizenznehmer und f\u00fcr sonstige Folgesch\u00e4den. Zus\u00e4tzlich gelten die Bestimmungen des Software-Lizenzvertrages.<\/p>\n<h2>Wartungsvertr\u00e4ge<\/h2>\n<p>Ein Vertrag verl\u00e4ngert sich automatisch um ein weiteres Jahr, wenn nicht drei Monate vor dem Ablauf der jeweiligen Vertragslaufzeit schriftlich, per Einschreiben, gek\u00fcndigt wird.<\/p>\n<h2>Gerichtsstand<\/h2>\n<p>Der Gerichtsstand ist stets der Ort, in dem sich der Sitz der <strong>WIPS<sup>\u00ae<\/sup>-EVG<\/strong> (Beilngries) befindet.<\/p>\n<h2>EU-Datenschutz-Grundverordnung<\/h2>\n<p>Siehe <a href=\"http:\/\/wips.de\/?\/75-0-Datenschutzerklaerung.html\">EU-Datenschutz-Grundverordnung<\/a><\/p>\n<\/div>\n<p>[\/vc_column_text][\/vc_column][\/vc_row][\/vc_section][vc_row][vc_column][vc_column_text]<\/p>\n<p>[\/vc_column_text][\/vc_column][\/vc_row]<\/p>\n","protected":false},"excerpt":{"rendered":"<p>[vc_section el_id=&#8220;start&#8220; css=&#8220;.vc_custom_1731325310859{background-color: #2966a2 !important;}&#8220;][vc_row][vc_column][vc_column_text] Allgemeine Gesch\u00e4ftsbedingungen [\/vc_column_text][\/vc_column][\/vc_row][\/vc_section][vc_section][vc_row el_class=&#8220;it-container&#8220;][vc_column][vc_column_text] Auftragsannahme Alle Auftr\u00e4ge bed\u00fcrfen der schriftlichen Auftragsbest\u00e4tigung. Lieferbedingungen Lieferung unfrei ab Beilngries. Zahlungsbedingungen Rechnungen sind &#8211; nach Erhalt der Rechnung &#8211; innerhalb 14 Tagen ohne Abzug zur Zahlung f\u00e4llig. Bei einem Auftragsvolumen ab 10.000 \u20ac ergibt sich folgende Zahlungsweise: 40% nach Erhalt des Auftrages, 40% nach&#8230;<\/p>\n","protected":false},"author":1,"featured_media":0,"parent":0,"menu_order":0,"comment_status":"closed","ping_status":"closed","template":"","meta":{"_kad_post_transparent":"enable","_kad_post_title":"hide","_kad_post_layout":"fullwidth","_kad_post_sidebar_id":"","_kad_post_content_style":"unboxed","_kad_post_vertical_padding":"default","_kad_post_feature":"","_kad_post_feature_position":"","_kad_post_header":false,"_kad_post_footer":false,"footnotes":""},"class_list":["post-291","page","type-page","status-publish","hentry"],"_links":{"self":[{"href":"https:\/\/oao.de\/draft\/wips\/wp-json\/wp\/v2\/pages\/291","targetHints":{"allow":["GET"]}}],"collection":[{"href":"https:\/\/oao.de\/draft\/wips\/wp-json\/wp\/v2\/pages"}],"about":[{"href":"https:\/\/oao.de\/draft\/wips\/wp-json\/wp\/v2\/types\/page"}],"author":[{"embeddable":true,"href":"https:\/\/oao.de\/draft\/wips\/wp-json\/wp\/v2\/users\/1"}],"replies":[{"embeddable":true,"href":"https:\/\/oao.de\/draft\/wips\/wp-json\/wp\/v2\/comments?post=291"}],"version-history":[{"count":5,"href":"https:\/\/oao.de\/draft\/wips\/wp-json\/wp\/v2\/pages\/291\/revisions"}],"predecessor-version":[{"id":297,"href":"https:\/\/oao.de\/draft\/wips\/wp-json\/wp\/v2\/pages\/291\/revisions\/297"}],"wp:attachment":[{"href":"https:\/\/oao.de\/draft\/wips\/wp-json\/wp\/v2\/media?parent=291"}],"curies":[{"name":"wp","href":"https:\/\/api.w.org\/{rel}","templated":true}]}}