{"id":244,"date":"2022-07-07T13:16:39","date_gmt":"2022-07-07T11:16:39","guid":{"rendered":"https:\/\/oao.de\/draft\/wips\/?page_id=244"},"modified":"2024-11-11T12:08:37","modified_gmt":"2024-11-11T11:08:37","slug":"leistungen","status":"publish","type":"page","link":"https:\/\/oao.de\/draft\/wips\/leistungen\/","title":{"rendered":"Leistungen"},"content":{"rendered":"<p>[vc_section css=&#8220;.vc_custom_1657191615619{background: #00192f url(https:\/\/oao.de\/draft\/wips\/wp-content\/uploads\/2021\/10\/home-bg.png?id=25) !important;}&#8220; el_id=&#8220;start&#8220;][vc_row el_class=&#8220;home-title&#8220;][vc_column][vc_column_text]<\/p>\n<h1 style=\"text-align: center;\"><b>Wir sind f\u00fcr Sie da<br \/>\n<\/b><span style=\"font-family: inherit;\">und begleiten Sie ein Software-Leben lang.<\/span><b><br \/>\n<\/b><\/h1>\n<p>[\/vc_column_text][\/vc_column][\/vc_row][\/vc_section][vc_section css=&#8220;.vc_custom_1657191634256{background-color: #00192f !important;}&#8220;][vc_row el_class=&#8220;it-container text-white&#8220;][vc_column width=&#8220;1\/2&#8243;][vc_column_text]Neben der st\u00e4ndigen Weiterentwicklung (Wartung, Update) unserer Produkte geh\u00f6rt es, dass wir unsere Kunden beraten, die notwendige Hilfe bei der Projektierungsunterst\u00fctzung geben, Ihnen helfen bei der Daten\u00fcbernahme und der Installation.[\/vc_column_text][\/vc_column][vc_column width=&#8220;1\/2&#8243;][vc_column_text]Neben einer fundierten Schulung bieten wir eine Ferndiagnose an und falls der Kunde nicht mehr weiter wei\u00df, dann helfen wir Ihnen mit einer fachkundigen Hotline.[\/vc_column_text][\/vc_column][\/vc_row][\/vc_section][vc_section css=&#8220;.vc_custom_1657192879318{background-color: #4eabbc !important;}&#8220;][vc_row el_class=&#8220;it-container text-white&#8220;][vc_column][vc_column_text]<\/p>\n<h2 style=\"text-align: left;\"><strong>Consulting<\/strong><\/h2>\n<p>[\/vc_column_text][\/vc_column][\/vc_row][vc_row el_class=&#8220;it-container it-box-light&#8220;][vc_column width=&#8220;1\/2&#8243;][vc_column_text]<\/p>\n<h3><strong>Ganzheitliche Unternehmensberatung<\/strong><\/h3>\n<p>[\/vc_column_text][vc_column_text]Die WIPS\u00ae-EVG ist ein Beratungshaus, das sich auf eine Kombination von Management und IT-Beratung, insbesondere f\u00fcr den technischen Bereich, spezialisiert hat.<\/p>\n<p>Wir verf\u00fcgen \u00fcber umfangreiche und langj\u00e4hrige Erfahrungen auf der strategischen und operativen Ebene.<\/p>\n<p><strong>Profitieren Sie von unserer Praxiserfahrung. Nutzen Sie unser Wissen und lassen Sie uns gemeinsam mit Ihnen, eine auf Ihre Unternehmung zugeschnittene L\u00f6sung, gestalten.<\/strong><\/p>\n<p>Wir stehen f\u00fcr<\/p>\n<ul>\n<li>Kundenorientierung<\/li>\n<li>Qualit\u00e4t<\/li>\n<li>Zuverl\u00e4ssigkeit<\/li>\n<li>Fairness<\/li>\n<li>L\u00f6sungsorientierung<\/li>\n<\/ul>\n<p>[\/vc_column_text][\/vc_column][vc_column width=&#8220;1\/2&#8243;][vc_column_text]<\/p>\n<h3>Unsere <strong>Beratungsleistung<\/strong><\/h3>\n<p>[\/vc_column_text][vc_column_text]Die WIPS<sup>\u00ae<\/sup>-EVG schafft<\/p>\n<ul>\n<li>Effizienz durch nachhaltige Verbesserung<\/li>\n<li>gemeinsam mit Ihnen setzen wir Ihre Ziele in die Tat um<\/li>\n<\/ul>\n<p>insbesondere in den Bereichen:<\/p>\n<ul>\n<li>Instandhaltung<\/li>\n<li>Kostenanalysen<\/li>\n<li>Auswahl von Managementsystemen<\/li>\n<\/ul>\n<p>Wir sind davon \u00fcberzeugt, auch Ihren Erfolg steigern zu k\u00f6nnen. Unsere Kundenreferenzen sprechen hier eine deutliche Sprache. Im direkten Vergleich \u00fcberzeugen wir vor allem deshalb, weil wir die Kompetenz der Gro\u00dfen in kleinen schlagkr\u00e4ftigen Teams mit konsequentem L\u00f6sungsfokus anbieten. Auf einer Augenh\u00f6he. Ohne Arroganz und Standesd\u00fcnkel.[\/vc_column_text][\/vc_column][\/vc_row][\/vc_section][vc_section css=&#8220;.vc_custom_1657193025072{background-color: #2966a2 !important;}&#8220;][vc_row el_class=&#8220;it-container text-white&#8220;][vc_column][vc_column_text]<\/p>\n<h2 style=\"text-align: left;\"><strong>Projektierung<\/strong><\/h2>\n<p>[\/vc_column_text][\/vc_column][\/vc_row][vc_row el_class=&#8220;it-container text-white&#8220;][vc_column width=&#8220;1\/2&#8243;][vc_column_text]Der Vorteil eines offenen Systems besteht darin, dass die Daten nach eigenen Kriterien definiert werden k\u00f6nnen, um so das gew\u00fcnschte Ergebnis zu bekommen. Andererseits kann man sich durch Unwissenheit und einen dadurch resultierenden falschen Strukturaufbau viele Funktionalit\u00e4ten und Auswertungen verbauen.[\/vc_column_text][\/vc_column][vc_column width=&#8220;1\/2&#8243;][vc_column_text]Damit Ihnen dies nicht passiert bieten wir die Projektierung (Strukturplanerstellung) an. Ein Profi aus unserem Haus erstellt mit Ihnen gemeinsam Ihre pers\u00f6nlich angepasste Struktur. Damit Sie am Ende die Information bekommen, die Sie auch haben m\u00f6chten.[\/vc_column_text][\/vc_column][\/vc_row][\/vc_section][vc_section][vc_row el_class=&#8220;it-container&#8220;][vc_column][vc_column_text]<\/p>\n<h2 style=\"text-align: left;\"><strong>Installation\u00a0<\/strong>&amp;\u00a0<strong>Daten\u00fcbernahme<\/strong><\/h2>\n<p>[\/vc_column_text][\/vc_column][\/vc_row][vc_row el_class=&#8220;it-container it-box text-white&#8220;][vc_column width=&#8220;1\/2&#8243;][vc_column_text]<\/p>\n<h3><strong>Installation<\/strong><\/h3>\n<p>[\/vc_column_text][vc_column_text]Je nach Systemvariante ist die Installation des Systems unterschiedlich. Da die Vorbildungen der Verantwortlichen in den Betrieben variieren, kann schnell jemand \u00fcberfordert sein und dann durch eine Fehlinstallation unn\u00f6tige Probleme hervorrufen.<\/p>\n<p>Deshalb umfasst unser Service auch die Installation Vor Ort. Bei Erwerb des Systems installiert ein Spezialist Ihre Version auf den jeweiligen Rechnern und konfiguriert das System so, dass Sie direkt im Anschluss daran arbeiten k\u00f6nnen. So werden hausgemachte Problematiken vermieden und der Kunde genie\u00dft die Sicherheit, einer sauberen Grundinstallation. Dabei wird Ihnen erkl\u00e4rt, wie die Installation vonstatten geht, bzw. woran man denken muss, wenn Sie sp\u00e4ter Updates installieren.[\/vc_column_text][\/vc_column][vc_column width=&#8220;1\/2&#8243;][vc_column_text]<\/p>\n<h3><strong>Daten\u00fcbernahme<\/strong><\/h3>\n<p>[\/vc_column_text][vc_column_text]Viele Betriebe, die sich f\u00fcr TeMIS-WIPS\u00ae entscheiden, haben bereits Daten in einer Datenbank enthalten. Sei es eine Excel-Tabelle, eine Access-Datenbank oder sonstiges. Wir haben durch eine frei konfigurierbare Schnittstelle die M\u00f6glichkeit geschaffen, diese Daten in TeMIS-WIPS\u00ae zu importieren. Dies kann einmalig oder nach einem selbstw\u00e4hlbaren Intervall erfolgen. Somit verringern Sie den Eingabeaufwand betr\u00e4chtlich und k\u00f6nnen auf diesen Daten aufbauen.<\/p>\n<p>Weitere permanente Importfunktion bieten die Schnittstellen zu XPPS oder zu SAP. Somit haben Sie in beiden Systemen einen konformen Bestand und brauchen nur ein System zu bearbeiten.<\/p>\n<p>Weitere Schnittstellen zu anderen Systemen sind nach R\u00fccksprache m\u00f6glich. Sprechen Sie mit uns.[\/vc_column_text][\/vc_column][\/vc_row][\/vc_section][vc_section css=&#8220;.vc_custom_1731323305104{background-color: #e5e5e5 !important;}&#8220;][vc_row el_class=&#8220;it-container&#8220;][vc_column][vc_column_text]<\/p>\n<h2 style=\"text-align: left;\"><strong>Schulungen<\/strong><\/h2>\n<p>[\/vc_column_text][\/vc_column][\/vc_row][vc_row el_class=&#8220;it-container&#8220;][vc_column width=&#8220;1\/2&#8243;][vc_column_text]Eine Software kann noch so gut und einfach sein, wenn man nie eine Schulung besucht hat, dann wird man nie alle M\u00f6glichkeiten eines Systems kennen lernen. Da aber wiederum nicht jeder alles wissen muss, bieten wir unsere Schulungen modular an. So kann sich jeder das heraussuchen, was er ben\u00f6tigt.[\/vc_column_text][\/vc_column][vc_column width=&#8220;1\/2&#8243;][\/vc_column][\/vc_row][\/vc_section]<\/p>\n","protected":false},"excerpt":{"rendered":"<p>[vc_section css=&#8220;.vc_custom_1657191615619{background: #00192f url(https:\/\/oao.de\/draft\/wips\/wp-content\/uploads\/2021\/10\/home-bg.png?id=25) !important;}&#8220; el_id=&#8220;start&#8220;][vc_row el_class=&#8220;home-title&#8220;][vc_column][vc_column_text] Wir sind f\u00fcr Sie da und begleiten Sie ein Software-Leben lang. [\/vc_column_text][\/vc_column][\/vc_row][\/vc_section][vc_section css=&#8220;.vc_custom_1657191634256{background-color: #00192f !important;}&#8220;][vc_row el_class=&#8220;it-container text-white&#8220;][vc_column width=&#8220;1\/2&#8243;][vc_column_text]Neben der st\u00e4ndigen Weiterentwicklung (Wartung, Update) unserer Produkte geh\u00f6rt es, dass wir unsere Kunden beraten, die notwendige Hilfe bei der Projektierungsunterst\u00fctzung geben, Ihnen helfen bei der Daten\u00fcbernahme und der Installation.[\/vc_column_text][\/vc_column][vc_column width=&#8220;1\/2&#8243;][vc_column_text]Neben&#8230;<\/p>\n","protected":false},"author":1,"featured_media":0,"parent":0,"menu_order":0,"comment_status":"closed","ping_status":"closed","template":"","meta":{"_kad_post_transparent":"enable","_kad_post_title":"hide","_kad_post_layout":"fullwidth","_kad_post_sidebar_id":"","_kad_post_content_style":"unboxed","_kad_post_vertical_padding":"default","_kad_post_feature":"","_kad_post_feature_position":"","_kad_post_header":false,"_kad_post_footer":false,"footnotes":""},"class_list":["post-244","page","type-page","status-publish","hentry"],"_links":{"self":[{"href":"https:\/\/oao.de\/draft\/wips\/wp-json\/wp\/v2\/pages\/244","targetHints":{"allow":["GET"]}}],"collection":[{"href":"https:\/\/oao.de\/draft\/wips\/wp-json\/wp\/v2\/pages"}],"about":[{"href":"https:\/\/oao.de\/draft\/wips\/wp-json\/wp\/v2\/types\/page"}],"author":[{"embeddable":true,"href":"https:\/\/oao.de\/draft\/wips\/wp-json\/wp\/v2\/users\/1"}],"replies":[{"embeddable":true,"href":"https:\/\/oao.de\/draft\/wips\/wp-json\/wp\/v2\/comments?post=244"}],"version-history":[{"count":8,"href":"https:\/\/oao.de\/draft\/wips\/wp-json\/wp\/v2\/pages\/244\/revisions"}],"predecessor-version":[{"id":264,"href":"https:\/\/oao.de\/draft\/wips\/wp-json\/wp\/v2\/pages\/244\/revisions\/264"}],"wp:attachment":[{"href":"https:\/\/oao.de\/draft\/wips\/wp-json\/wp\/v2\/media?parent=244"}],"curies":[{"name":"wp","href":"https:\/\/api.w.org\/{rel}","templated":true}]}}