{"id":232,"date":"2022-07-07T12:59:55","date_gmt":"2022-07-07T10:59:55","guid":{"rendered":"https:\/\/oao.de\/draft\/wips\/?page_id=232"},"modified":"2024-11-11T12:49:42","modified_gmt":"2024-11-11T11:49:42","slug":"wips-emc","status":"publish","type":"page","link":"https:\/\/oao.de\/draft\/wips\/produkte\/wips-emc\/","title":{"rendered":"WIPS&reg; EMC"},"content":{"rendered":"<p>[vc_section css=&#8220;.vc_custom_1657191615619{background: #00192f url(https:\/\/oao.de\/draft\/wips\/wp-content\/uploads\/2021\/10\/home-bg.png?id=25) !important;}&#8220; el_id=&#8220;start&#8220;][vc_row el_class=&#8220;home-title&#8220;][vc_column][vc_column_text]<\/p>\n<h1 style=\"text-align: center;\"><b>Energie-Management-Controlling<br \/>\n<\/b>WIPS\u00ae EMC<\/h1>\n<p>[\/vc_column_text][\/vc_column][\/vc_row][\/vc_section][vc_section css=&#8220;.vc_custom_1657191634256{background-color: #00192f !important;}&#8220;][vc_row el_class=&#8220;it-container text-white&#8220;][vc_column width=&#8220;1\/2&#8243;][vc_column_text]Das <strong>EMC (Energie Management Controlling)<\/strong> in TeMIS-WIPS\u00ae stellt eine L\u00f6sung f\u00fcr ein effizientes und Kosten wirksames Energiemanagement dar. Es bietet Ihnen die M\u00f6glichkeit die Energieverbr\u00e4uche kontinuierlich aufzuzeichnen und durch die Auswertung der Energieverbr\u00e4uche bestimmte Energiepotentiale zu erkennen und die Umsetzung von Optimierungsportentiale zu beurteilen. Sie k\u00f6nnen so jederzeit nachvollziehen,- \u00dcbersicht der Z\u00e4hlerst\u00e4nde, Erdgas, Wasser, Strom, &#8230;)[\/vc_column_text][vc_empty_space height=&#8220;25px&#8220;][vc_column_text]<\/p>\n<h3>Ihre <strong>Vorteile im \u00dcberblick<\/strong><\/h3>\n<p>[\/vc_column_text][vc_column_text]<\/p>\n<ul>\n<li>Vergleich mit dem Vorjahr, Vorjahren<\/li>\n<li>Verbrauchskennzahlen<\/li>\n<li>CO2 -Emissionen<\/li>\n<li>Kostenzuordnung zu den einzelnen Verbrauchern<\/li>\n<li>Kontrolle des Energiebudgets<\/li>\n<li>Wetterbereinigung (in Planung)<\/li>\n<li>letzter Z\u00e4hlerstand, Z\u00e4hler-Nr<\/li>\n<li>Kenndaten (Eigenschaften) eines Z\u00e4hlers, wie n\u00e4chstes Ablesedatum, letzter Z\u00e4hlerstand, Z\u00e4hler-Nr)<\/li>\n<\/ul>\n<p>[\/vc_column_text][\/vc_column][vc_column width=&#8220;1\/2&#8243;][vc_single_image image=&#8220;233&#8243; img_size=&#8220;full&#8220;][vc_empty_space height=&#8220;25px&#8220;][vc_single_image image=&#8220;234&#8243; img_size=&#8220;full&#8220;][\/vc_column][\/vc_row][\/vc_section]<\/p>\n","protected":false},"excerpt":{"rendered":"<p>[vc_section css=&#8220;.vc_custom_1657191615619{background: #00192f url(https:\/\/oao.de\/draft\/wips\/wp-content\/uploads\/2021\/10\/home-bg.png?id=25) !important;}&#8220; el_id=&#8220;start&#8220;][vc_row el_class=&#8220;home-title&#8220;][vc_column][vc_column_text] Energie-Management-Controlling WIPS\u00ae EMC [\/vc_column_text][\/vc_column][\/vc_row][\/vc_section][vc_section css=&#8220;.vc_custom_1657191634256{background-color: #00192f !important;}&#8220;][vc_row el_class=&#8220;it-container text-white&#8220;][vc_column width=&#8220;1\/2&#8243;][vc_column_text]Das EMC (Energie Management Controlling) in TeMIS-WIPS\u00ae stellt eine L\u00f6sung f\u00fcr ein effizientes und Kosten wirksames Energiemanagement dar. Es bietet Ihnen die M\u00f6glichkeit die Energieverbr\u00e4uche kontinuierlich aufzuzeichnen und durch die Auswertung der Energieverbr\u00e4uche bestimmte Energiepotentiale zu erkennen und die&#8230;<\/p>\n","protected":false},"author":1,"featured_media":0,"parent":186,"menu_order":4,"comment_status":"closed","ping_status":"closed","template":"","meta":{"_kad_post_transparent":"enable","_kad_post_title":"hide","_kad_post_layout":"fullwidth","_kad_post_sidebar_id":"","_kad_post_content_style":"unboxed","_kad_post_vertical_padding":"default","_kad_post_feature":"","_kad_post_feature_position":"","_kad_post_header":false,"_kad_post_footer":false,"footnotes":""},"class_list":["post-232","page","type-page","status-publish","hentry"],"_links":{"self":[{"href":"https:\/\/oao.de\/draft\/wips\/wp-json\/wp\/v2\/pages\/232","targetHints":{"allow":["GET"]}}],"collection":[{"href":"https:\/\/oao.de\/draft\/wips\/wp-json\/wp\/v2\/pages"}],"about":[{"href":"https:\/\/oao.de\/draft\/wips\/wp-json\/wp\/v2\/types\/page"}],"author":[{"embeddable":true,"href":"https:\/\/oao.de\/draft\/wips\/wp-json\/wp\/v2\/users\/1"}],"replies":[{"embeddable":true,"href":"https:\/\/oao.de\/draft\/wips\/wp-json\/wp\/v2\/comments?post=232"}],"version-history":[{"count":5,"href":"https:\/\/oao.de\/draft\/wips\/wp-json\/wp\/v2\/pages\/232\/revisions"}],"predecessor-version":[{"id":301,"href":"https:\/\/oao.de\/draft\/wips\/wp-json\/wp\/v2\/pages\/232\/revisions\/301"}],"up":[{"embeddable":true,"href":"https:\/\/oao.de\/draft\/wips\/wp-json\/wp\/v2\/pages\/186"}],"wp:attachment":[{"href":"https:\/\/oao.de\/draft\/wips\/wp-json\/wp\/v2\/media?parent=232"}],"curies":[{"name":"wp","href":"https:\/\/api.w.org\/{rel}","templated":true}]}}