{"id":201,"date":"2022-07-07T09:35:13","date_gmt":"2022-07-07T07:35:13","guid":{"rendered":"https:\/\/oao.de\/draft\/wips\/?page_id=201"},"modified":"2022-07-07T11:01:30","modified_gmt":"2022-07-07T09:01:30","slug":"temis-wips","status":"publish","type":"page","link":"https:\/\/oao.de\/draft\/wips\/produkte\/temis-wips\/","title":{"rendered":"TeMIS-WIPS&reg;"},"content":{"rendered":"<p>[vc_section css=&#8220;.vc_custom_1657178150521{background: #00192f url(https:\/\/oao.de\/draft\/wips\/wp-content\/uploads\/2021\/10\/home-bg.png?id=25) !important;}&#8220; el_id=&#8220;start&#8220;][vc_row el_class=&#8220;home-title&#8220;][vc_column][vc_column_text]<\/p>\n<h1 style=\"text-align: center;\"><strong>TeMIS-WIPS\u00ae<\/strong><\/h1>\n<p>[\/vc_column_text][\/vc_column][\/vc_row][\/vc_section][vc_section css=&#8220;.vc_custom_1657178421993{background-color: #00192f !important;}&#8220;][vc_row el_class=&#8220;it-container text-white&#8220;][vc_column width=&#8220;1\/2&#8243;][vc_column_text]<strong>TeMIS-WIPS<sup>\u00ae<\/sup><\/strong> bedeutet:<\/p>\n<p><strong>TeMIS<\/strong> = <strong>Te<\/strong>chnisches\u00a0<strong>M<\/strong>anagement &#8211;\u00a0<strong>I<\/strong>nformations &#8211;\u00a0<strong>S<\/strong>ystem<br \/>\n<strong>WIPS<sup>\u00ae<\/sup><\/strong> = <strong>W<\/strong>artungs &#8211;\u00a0<strong>I<\/strong>nstandhaltungs &#8211;\u00a0<strong>P<\/strong>lanungs &#8211;\u00a0<strong>S<\/strong>ystem[\/vc_column_text][\/vc_column][vc_column width=&#8220;1\/2&#8243;][\/vc_column][\/vc_row][vc_row el_class=&#8220;it-container text-white&#8220;][vc_column width=&#8220;1\/2&#8243;][vc_column_text]<strong>TeMIS-WIPS<sup>\u00ae<\/sup><\/strong>\u00a0wurde seit 1994 immer weiterentwickelt und in Zusammenarbeit mit unseren Kunden optimiert. Erfahren Sie hier mehr \u00fcber die Vorteile von <strong>TeMIS-WIPS<sup>\u00ae<\/sup><\/strong>, die Sie auch f\u00fcr Ihre Instandhaltung nutzen k\u00f6nnen.<\/p>\n<p>Moderne Oberfl\u00e4chen, praxiserprobte Abl\u00e4ufe, intuitive Bedienung, flexible Erweiterbarkeit und eine direkte Kopplung zum Prozess, machen <strong>TeMIS-WIPS<sup>\u00ae<\/sup><\/strong>\u00a0zu einer optimalen L\u00f6sung f\u00fcr kleine, mittlere und gro\u00dfe Betriebe.<\/p>\n<p>Nehmen Sie Abschied von Ihrer papiergest\u00fctzten Wartungsplanung!<\/p>\n<p>Verpassen Sie keinen wichtigen Wartungstermin mehr und analysieren Sie Ihre Instandhaltung aus den unterschiedlichsten Blickwinkeln. <strong>TeMIS-WIPS<sup>\u00ae<\/sup><\/strong>\u00a0unterst\u00fctzt Sie bei vielen Aufgaben, die Sie im t\u00e4glichen Betrieb zu bew\u00e4ltigen haben.[\/vc_column_text][\/vc_column][vc_column width=&#8220;1\/2&#8243;][vc_column_text]So unterschiedlich einzelne Betriebe in den Details sein k\u00f6nnen, so flexibel kann <strong>TeMIS-WIPS<sup>\u00ae<\/sup><\/strong>\u00a0Ihre Unternehmensstruktur aus Sicht der Instandhaltung abbilden. Aufgrund der modularen Struktur bietet <strong>TeMIS-WIPS<sup>\u00ae<\/sup><\/strong>\u00a0sehr flexible M\u00f6glichkeiten die Software an Ihre Bed\u00fcrfnisse anzupassen.<\/p>\n<p>Wir legen sowohl in der Softwaretechnik, als auch in der Kundenbetreuung, hohen Wert auf Zuverl\u00e4ssigkeit, Benutzerfreundlichkeit, Wirtschaftlichkeit und Verf\u00fcgbarkeit.<\/p>\n<p>Unser Fokus liegt auf der ganzheitlichen und dauerhaften Betreuung unserer Kunden. Wir wollen f\u00fcr unsere Klientel den gr\u00f6\u00dftm\u00f6glichen Rationalisierungseffekt erzielen. Diese Philosophie spiegelt sich in unseren Softwarel\u00f6sungen sowie unserem Dienstleistungsangebot wieder.[\/vc_column_text][\/vc_column][\/vc_row][\/vc_section][vc_section][vc_row el_class=&#8220;it-container&#8220;][vc_column width=&#8220;1\/2&#8243;][vc_column_text]<strong>WIPS\u00ae ist eine, auf uns eingetragene Marke.<br \/>\nEs dient prim\u00e4r:<\/strong><\/p>\n<ul>\n<li>der Planung, Steuerung und Kontrolle der vorbeugenden Wartung und Instandhaltung,<\/li>\n<li>sowie zur Organisation von Instandsetzungsarbeiten an Objekten<\/li>\n<li>Stammdaten- und Ressourcenverwaltung<\/li>\n<li>Zeit- und\/oder proze\u00dfgesteuerte Auftragsverwaltung<\/li>\n<li>Auswertung, Controlling<\/li>\n<li>Grafische-Ressourcen-Einsatzplanung<\/li>\n<li>Intelligente Kenndatensuche<\/li>\n<li>Lagerverwaltung, Barcodeeinsatz<\/li>\n<li>Firmen-Vertrags-Controlling<\/li>\n<li>Energie-Management-Controlling<\/li>\n<li>Proze\u00dfsteuerung, Anbindung zu einem Proze\u00dfleitstand<\/li>\n<li>Datentransfer zu SAP, XPPS, Navision, bidirektional einsetzbar<\/li>\n<li>u.v.m.<\/li>\n<\/ul>\n<p>[\/vc_column_text][\/vc_column][vc_column width=&#8220;1\/2&#8243;][vc_column_text]<strong>WIPS\u00ae<\/strong> hilft Ihnen:<\/p>\n<ul>\n<li>wichtige Management-Informationen schnell zu erhalten<\/li>\n<li>gezielte Auswertungen zu fahren<\/li>\n<li>das Ersatzteilwesen transparenter zu gestalten<\/li>\n<li>den Lagerbestand dadurch zu verringern<\/li>\n<li>die Instandhaltungskosten zu senken<\/li>\n<li>weniger Feuerwehreins\u00e4tze durchf\u00fchren zu m\u00fcssen<\/li>\n<li>Auftr\u00e4ge &#8211; auch im Nachinein &#8211; schnell r\u00fcckzumelden<\/li>\n<li>die interne Kommunikationswege wesentlich zu verk\u00fcrzen<\/li>\n<li>Schnittstellen zu \u00fcbergeordneten Systemen bidrektional zu nutzen<\/li>\n<li>PLT- und\/oder GLT-Systemen voll einzusetzen und zu nutzen<\/li>\n<li>Effizientere Kontrollen der Firmenvertr\u00e4ge<\/li>\n<li>Effizientes Mahnwesen<\/li>\n<li>Kosten wirksames Energiemanagement<\/li>\n<\/ul>\n<p>[\/vc_column_text][\/vc_column][\/vc_row][\/vc_section][vc_section css=&#8220;.vc_custom_1657179617619{background-color: #6fbcc6 !important;}&#8220; el_id=&#8220;vorteile&#8220;][vc_row el_class=&#8220;it-container text-white&#8220;][vc_column][vc_column_text]<\/p>\n<h2>Die <strong>Vorteile von TeMIS-WIPS\u00ae<\/strong><\/h2>\n<p>[\/vc_column_text][\/vc_column][\/vc_row][vc_row el_class=&#8220;it-container text-white it-box&#8220;][vc_column width=&#8220;1\/2&#8243;][vc_column_text]<\/p>\n<h3>Die <strong>Vorteile<\/strong><br \/>\n<strong>unserer TeMIS-WIPS\u00ae Software<\/strong><\/h3>\n<p>[\/vc_column_text][vc_column_text el_class=&#8220;ul-benefits&#8220;]<\/p>\n<ul>\n<li><strong>Intuitive, einfach zu bedienende graphische Benutzeroberfl\u00e4che<\/strong><br \/>\nJedes Modul ist in klare Untermodule aufgeteilt. Kein langes Suchen von Informationen! Dies beschleunigt die Bearbeitung und erh\u00f6ht die Akzeptanz beim Anwender!<\/li>\n<li><strong>Flexible Anlagenstrukturierung auf beliebigen Ebenen<br \/>\n<\/strong>Der Strukturspiegel gibt Ihnen einen klaren \u00dcberblick \u00fcber die Instandhaltungsobjekte in Ihrem Betrieb!<\/li>\n<li><strong>Kurze Wege zu ben\u00f6tigten Daten und Informationen<br \/>\n<\/strong>Sie k\u00f6nnen aus diesem Strukturspiegel direkt Auftr\u00e4ge anlegen, Kenndaten nachsehen, die Ersatzteilliste aufrufen usw.<\/li>\n<li><strong>Ben\u00f6tigte Informationen auf einem Blick<br \/>\n<\/strong>\u00dcbersichtliche Tabellen\u00fcbersichten mit Rechter-Maus-Funktionalit\u00e4t um schnell an weitere Informationen zu kommen. Zudem haben Sie hier diverse Filterm\u00f6glichkeiten um nur das zu sehen, worauf es ankommt.<\/li>\n<li><strong>Umfangreiche Im- und Exportfunktion<br \/>\n<\/strong>Datenimport von und zu anderen Applikationen stellt mit der universellen Schnittstelle kein Problem dar! Voraussetzung hierf\u00fcr ist allerdings eine Exportm\u00f6glichkeit der anzubindenden Applikation!<\/li>\n<li><strong>Mandantenf\u00e4higkeit<\/strong><\/li>\n<li><strong>Mehrsprachigkeit<\/strong><\/li>\n<li><strong>TeMIS-WIPS\u00ae unterst\u00fctzt bei der Zertifizierung<br \/>\n<\/strong>Viele unserer Kunden sind bereits mit Unterst\u00fctzung von TeMIS-WIPS\u00ae erfolgreich zertifiziert worden (z.B. QS 9000, ISO\/TS16 949:2002, ISO 900:2005 ,ISO 1400x\/Umwelt).<\/li>\n<\/ul>\n<p>[\/vc_column_text][\/vc_column][vc_column width=&#8220;1\/2&#8243;][vc_column_text]<\/p>\n<h3>Die <strong>Vorteile<br \/>\nf\u00fcr Ihre Instandhaltung<\/strong><\/h3>\n<p>[\/vc_column_text][vc_column_text el_class=&#8220;ul-benefits&#8220;]<\/p>\n<ul>\n<li><strong>Steigerung der Anlagentransparenz<\/strong><br \/>\nIdentifizieren, verfolgen, lokalisieren und analysieren Sie Ihre Maschinen und Anlagen, um deren Nutzungsdauer zu verl\u00e4ngern und die Produktivit\u00e4t Ihres Unternehmens zu maximieren.<\/li>\n<li><strong>Kontrolle und Reduktion der Instandhaltungskosten<\/strong><br \/>\nVerfolgen und managen Sie Wartungsauftr\u00e4ge, Personal und Planung der Zeitpl\u00e4ne, um alle Ressourcen optimal zu nutzen.<\/li>\n<li><strong>Pr\u00e4ventive Instandhaltung<\/strong><br \/>\nErstellen Sie einen Zeitplan f\u00fcr die Wartung Ihrer Anlagen zu einem festen Termin, innerhalb einer flexiblen Zeitspanne oder nach gemessener Nutzung.<\/li>\n<li><strong>Verwaltung des Lagerbestandes<\/strong><br \/>\nDie integrierte Materialverwaltung unterst\u00fctzt Sie bei der Verwaltung Ihrer Ersatzteile und Schmierstoffe. Durch das Hinterlegen von Lieferanten wissen Sie sofort, wo ein fehlendes Ersatzteil bezogen werden kann. Die Lagerverwaltung erm\u00f6glicht die Erfassung von Best\u00e4nden Ihrer Materialen in einer hierarchischen Lagerstruktur. Die automatische Verbuchung von Abg\u00e4ngen beim Zur\u00fcckmelden von Instandhaltungsauftr\u00e4gen, vereinfacht dabei die Pflege der Best\u00e4nde.<\/li>\n<li><strong>Verpassen Sie keine Termine mehr<\/strong><br \/>\nTeMIS-WIPS\u00ae \u00fcberwacht Ihre regelm\u00e4\u00dfigen Instandhaltungsauftr\u00e4ge und erinnert automatisch an f\u00e4llige Termine. Die Software berechnet den optimalen Zeitpunkt f\u00fcr die Wartung und ber\u00fccksichtigt dabei auch Zustandsdaten aus der Anlage, wie z.B. Z\u00e4hlerst\u00e4nde.<\/li>\n<\/ul>\n<p>[\/vc_column_text][\/vc_column][\/vc_row][\/vc_section][vc_section][vc_row el_class=&#8220;it-container&#8220;][vc_column][vc_column_text]<\/p>\n<h2>Verf\u00fcgbare <strong>Module<\/strong><\/h2>\n<p>[\/vc_column_text][\/vc_column][\/vc_row][vc_row el_class=&#8220;it-container it-box-light&#8220;][vc_column width=&#8220;1\/3&#8243;][vc_column_text]<\/p>\n<h3>Stammdaten<\/h3>\n<p>[\/vc_column_text][vc_column_text]Stammdaten beschreiben inhaltlich s\u00e4mtliche materiellen Einrichtungen eines Produktionsbetriebs, eines Fuhrparks bzw. einer Geb\u00e4udeeinrichtung und bilden die vorhandene Struktur komplett ab. Sie umfassen die l\u00fcckenlose und kontinuierliche Erfassung der Objekte (z.B. Maschinen, Ger\u00e4te, Aufzug, Heizung, Klimaanlage, etc.).[\/vc_column_text][\/vc_column][vc_column width=&#8220;1\/3&#8243;][vc_column_text]<\/p>\n<h3>Auftragsverwaltung<\/h3>\n<p>[\/vc_column_text][vc_column_text]Das Ziel von <strong>TeMIS-WIPS<sup>\u00ae<\/sup><\/strong> ist die organisatorische Unterst\u00fctzung, der in der Instandhaltung und im Reparaturwesen anfallenden T\u00e4tigkeiten. Dabei k\u00f6nnen dar\u00fcber hinaus jegliche, frei definierbare Auftragsarten, wie z.B. Wartung, Inspektion, Reparatur, Umzug, Umbau, Eichung, Kalibrierung, etc. abgearbeitet werden. Grunds\u00e4tzlich gibt es zwei Klassen: Wiederverwendbare und Einmal-Auftr\u00e4ge.[\/vc_column_text][\/vc_column][vc_column width=&#8220;1\/3&#8243;][vc_column_text]<\/p>\n<h3>Auswertung<\/h3>\n<p>[\/vc_column_text][vc_column_text]Die Auswertung enth\u00e4lt die Beschreibung aller Formulare, die mit den Men\u00fcbefehlen \u201cAuswertung\u201d zug\u00e4nglich werden. Hierbei liegen die Schwerpunkte in der Auftragsauswertung, in dem Ressourcenverbrauch, im Controlling, in der Historie und Fehlerauswertung.[\/vc_column_text][\/vc_column][\/vc_row][vc_row el_class=&#8220;it-container it-box-light&#8220;][vc_column width=&#8220;1\/3&#8243;][vc_column_text]<\/p>\n<h3>Planung<\/h3>\n<p>[\/vc_column_text][vc_column_text]Diese enth\u00e4lt die Beschreibung aller Formulare, die mit der Planung zu tun haben. Die Auftragsplanung, der erforderliche Ressourcenbedarf und das Controlling sind Hauptbereiche dieses Moduls.[\/vc_column_text][\/vc_column][vc_column width=&#8220;1\/3&#8243;][vc_column_text]<\/p>\n<h3>Proze\u00dftechnik<\/h3>\n<p>[\/vc_column_text][vc_column_text]Damit kann man die Daten aus der Proze\u00dftechnik in <strong>TeMIS-WIPS<sup>\u00ae<\/sup><\/strong> einbinden bzw. manuell aktualisieren.[\/vc_column_text][\/vc_column][vc_column width=&#8220;1\/3&#8243;][vc_column_text]<\/p>\n<h3>Lagerverwaltung \/ Bestellwesen<\/h3>\n<p>[\/vc_column_text][vc_column_text]Eine direkte Datenverbindung zum Lager gew\u00e4hrleistet ein erfolgreiches Arbeiten. Die Dateneinbindung kann direkt in <strong>TeMIS-WIPS<sup>\u00ae<\/sup><\/strong> durchgef\u00fchrt werden oder aber es erfolgt zu bestehenden Datenbanken ein Durchgriff. Dieser muss jedoch evtl. Kunden-spezifisch angepasst werden. Durch das Bestellsystem werden die von <strong>TeMIS-WIPS<sup>\u00ae<\/sup><\/strong> angezeigten Materialbedarf zu Bestellungen umgewandelt.[\/vc_column_text][\/vc_column][\/vc_row][vc_row el_class=&#8220;it-container it-box-light&#8220;][vc_column width=&#8220;1\/3&#8243;][vc_column_text]<\/p>\n<h3>Daten\u00fcbertragung<\/h3>\n<p>[\/vc_column_text][vc_column_text]Mit der Daten\u00fcbertragung ist es m\u00f6glich, zu einem Auftrag Daten an ein externes Ger\u00e4t, externe Datenbank, zu senden. Entscheidend ist, dass in <strong>TeMIS-WIPS<sup>\u00ae<\/sup><\/strong> eine frei konfigurierbare Schnittstelle integriert wurde. D.h., der Anwender kann selbst eine Datenstruktur festlegen, wie welche Daten in welchem Abstand exportiert und importiert werden.[\/vc_column_text][\/vc_column][vc_column width=&#8220;1\/3&#8243;][vc_column_text]<\/p>\n<h3>Einsatz von Barcode<\/h3>\n<p>[\/vc_column_text][vc_column_text]In <strong>TeMIS-WIPS\u00ae<\/strong> ist eine Betriebsdatenerfassung softwarem\u00e4\u00dfig integriert. Wenn von Seiten der Kunden Bedarf besteht, k\u00f6nnen verschiedene Leseger\u00e4te (wir favorisieren Datalogic) angeschlossen werden.[\/vc_column_text][\/vc_column][vc_column width=&#8220;1\/3&#8243;][vc_column_text]<\/p>\n<h3>Administration \/ Verwaltung<\/h3>\n<p>[\/vc_column_text][vc_column_text]Damit werden alle Einstellungen bzgl. Anwender, Toolfreigabe, Servicepack, Datensicherungsablauf, etc. eingestellt. Ebenso k\u00f6nnen Sie alle Rechte- und Grundeinstellung vornehmen. Selbstverst\u00e4ndlich ist <strong>TeMIS-WIPS\u00ae<\/strong> bereits Kunden gerecht vorkonfiguriert, d.h. bestimmte Funktionen (z.B. Anlagenstillstandsberechnung, WIPS\u00ae-Meld, Werkzeugverwaltung, Datensicherung, L\u00e4ngenvorgaben, Barcode, SAP-Anbindung, etc.) sind ausgeschaltet.[\/vc_column_text][\/vc_column][\/vc_row][\/vc_section]<\/p>\n","protected":false},"excerpt":{"rendered":"<p>[vc_section css=&#8220;.vc_custom_1657178150521{background: #00192f url(https:\/\/oao.de\/draft\/wips\/wp-content\/uploads\/2021\/10\/home-bg.png?id=25) !important;}&#8220; el_id=&#8220;start&#8220;][vc_row el_class=&#8220;home-title&#8220;][vc_column][vc_column_text] TeMIS-WIPS\u00ae [\/vc_column_text][\/vc_column][\/vc_row][\/vc_section][vc_section css=&#8220;.vc_custom_1657178421993{background-color: #00192f !important;}&#8220;][vc_row el_class=&#8220;it-container text-white&#8220;][vc_column width=&#8220;1\/2&#8243;][vc_column_text]TeMIS-WIPS\u00ae bedeutet: TeMIS = Technisches\u00a0Management &#8211;\u00a0Informations &#8211;\u00a0System WIPS\u00ae = Wartungs &#8211;\u00a0Instandhaltungs &#8211;\u00a0Planungs &#8211;\u00a0System[\/vc_column_text][\/vc_column][vc_column width=&#8220;1\/2&#8243;][\/vc_column][\/vc_row][vc_row el_class=&#8220;it-container text-white&#8220;][vc_column width=&#8220;1\/2&#8243;][vc_column_text]TeMIS-WIPS\u00ae\u00a0wurde seit 1994 immer weiterentwickelt und in Zusammenarbeit mit unseren Kunden optimiert. Erfahren Sie hier mehr \u00fcber die Vorteile von TeMIS-WIPS\u00ae, die Sie auch f\u00fcr&#8230;<\/p>\n","protected":false},"author":1,"featured_media":0,"parent":186,"menu_order":1,"comment_status":"closed","ping_status":"closed","template":"","meta":{"_kad_post_transparent":"enable","_kad_post_title":"hide","_kad_post_layout":"fullwidth","_kad_post_sidebar_id":"","_kad_post_content_style":"unboxed","_kad_post_vertical_padding":"default","_kad_post_feature":"","_kad_post_feature_position":"","_kad_post_header":false,"_kad_post_footer":false,"footnotes":""},"class_list":["post-201","page","type-page","status-publish","hentry"],"_links":{"self":[{"href":"https:\/\/oao.de\/draft\/wips\/wp-json\/wp\/v2\/pages\/201","targetHints":{"allow":["GET"]}}],"collection":[{"href":"https:\/\/oao.de\/draft\/wips\/wp-json\/wp\/v2\/pages"}],"about":[{"href":"https:\/\/oao.de\/draft\/wips\/wp-json\/wp\/v2\/types\/page"}],"author":[{"embeddable":true,"href":"https:\/\/oao.de\/draft\/wips\/wp-json\/wp\/v2\/users\/1"}],"replies":[{"embeddable":true,"href":"https:\/\/oao.de\/draft\/wips\/wp-json\/wp\/v2\/comments?post=201"}],"version-history":[{"count":12,"href":"https:\/\/oao.de\/draft\/wips\/wp-json\/wp\/v2\/pages\/201\/revisions"}],"predecessor-version":[{"id":205,"href":"https:\/\/oao.de\/draft\/wips\/wp-json\/wp\/v2\/pages\/201\/revisions\/205"}],"up":[{"embeddable":true,"href":"https:\/\/oao.de\/draft\/wips\/wp-json\/wp\/v2\/pages\/186"}],"wp:attachment":[{"href":"https:\/\/oao.de\/draft\/wips\/wp-json\/wp\/v2\/media?parent=201"}],"curies":[{"name":"wp","href":"https:\/\/api.w.org\/{rel}","templated":true}]}}