{"id":17,"date":"2021-10-19T08:47:24","date_gmt":"2021-10-19T06:47:24","guid":{"rendered":"https:\/\/oao.de\/draft\/wips\/?page_id=17"},"modified":"2024-11-11T11:45:25","modified_gmt":"2024-11-11T10:45:25","slug":"home","status":"publish","type":"page","link":"https:\/\/oao.de\/draft\/wips\/","title":{"rendered":"Home"},"content":{"rendered":"<p>[vc_section full_height=&#8220;yes&#8220; content_placement=&#8220;middle&#8220; css=&#8220;.vc_custom_1657116966847{background: #00192f url(https:\/\/oao.de\/draft\/wips\/wp-content\/uploads\/2021\/10\/home-bg.png?id=25) !important;background-position: 0 0 !important;background-repeat: no-repeat !important;}&#8220; el_id=&#8220;home&#8220;][vc_row el_class=&#8220;it-container&#8220;][vc_column css=&#8220;.vc_custom_1634652544727{padding-right: 0px !important;padding-left: 0px !important;}&#8220;][vc_column_text el_class=&#8220;home-title&#8220;]<\/p>\n<h1 style=\"text-align: center;\">Wir bieten<br \/>\noptimale Softwarel\u00f6sungen<\/h1>\n<p>[\/vc_column_text][\/vc_column][\/vc_row][\/vc_section][vc_section css=&#8220;.vc_custom_1657176095982{background-color: #00192f !important;}&#8220; el_id=&#8220;industrie&#8220; el_class=&#8220;text-white&#8220;][vc_row equal_height=&#8220;yes&#8220; content_placement=&#8220;middle&#8220; el_class=&#8220;it-container&#8220;][vc_column width=&#8220;1\/2&#8243;][vc_column_text]<\/p>\n<h2><strong>Industrie 4.0<\/strong><\/h2>\n<p>[\/vc_column_text][vc_column_text]Preventive Instandhaltung, das kann jeder. Predictive Maintenance, d.h. vorausschauende Instandhaltung, das Schl\u00fcsselwort in der Industrie 4.0.<\/p>\n<p>Die Entscheidung f\u00fcr das richtige Instandhaltungssystem sollte sehr gut durchdacht werden, denn Sie binden sich \u00fcber viele Jahre an die entsprechende Software.<br \/>\nStehen Sie gerade am Anfang der Einf\u00fchrung einer Software unterst\u00fctzten Instandhaltung und fragen sich, wie Sie das Projekt am besten starten?[\/vc_column_text][vc_column_text]<\/p>\n<h3><strong>Wir entwickeln mit Ihnen die Strategie daf\u00fcr.<\/strong><\/h3>\n<p>[\/vc_column_text][\/vc_column][vc_column width=&#8220;1\/2&#8243;][vc_single_image image=&#8220;56&#8243; img_size=&#8220;large&#8220; alignment=&#8220;right&#8220; el_id=&#8220;industrie-arrows&#8220;][\/vc_column][\/vc_row][\/vc_section][vc_section el_id=&#8220;philosophie&#8220;][vc_row el_class=&#8220;it-container&#8220;][vc_column width=&#8220;1\/2&#8243; offset=&#8220;vc_col-lg-offset-0 vc_col-md-offset-0 vc_col-sm-offset-0&#8243;][vc_column_text]<\/p>\n<h2>Unsere <strong>Philosophie<\/strong><\/h2>\n<p>[\/vc_column_text][vc_column_text]<strong>Wir handeln nach dem Motto \u201eWenn wir uns nicht<\/strong><br \/>\n<strong>um unsere Kunden k\u00fcmmern, dann tun es andere.\u201c<\/strong><\/p>\n<p><strong>Dabei bem\u00fchen wir uns um:<\/strong><\/p>\n<ul>\n<li>Kundenzufriedenheit<\/li>\n<li>Kundenbegeisterung<\/li>\n<li>Zukunftssicherung<\/li>\n<\/ul>\n<p>Ihre optimale Betreuung ist unsere oberste Maxime, auch \u00fcber\u00a0das Kaufdatum hinaus. Au\u00dferdem sind uns Ihre Anregungen,\u00a0Vorschl\u00e4ge und konstruktive Kritik jederzeit willkommen.\u00a0Pr\u00fcfen Sie uns, wir betreuen Sie mit Erfahrung.<\/p>\n<p>Wir bieten unseren Kunden entsprechende L\u00f6sungen und einen kompletten Service an.<\/p>\n<p>Au\u00dferdem greifen wir die Ideen und W\u00fcnsche des Kunden auf\u00a0und modifizieren diese zum Standard, so dass alle Anwender von\u00a0TeMIS-WIPS\u00ae diesen Vorteil kostenlos nutzen k\u00f6nnen.<\/p>\n<p>Nat\u00fcrlich stehen dem Kunden unsere Experten bei der\u00a0gesamten Einf\u00fchrungsphase und danach stets begleitend\u00a0(coaching) zur Seite.[\/vc_column_text][\/vc_column][vc_column width=&#8220;1\/2&#8243;][vc_column_text]<\/p>\n<h2>Unsere <strong>Software<\/strong><\/h2>\n<p>[\/vc_column_text][vc_column_text]&#8230; hat einen hohen Qualit\u00e4tsstandard und wird st\u00e4ndig weiterentwickelt. Dabei wollen wir immer innovative Produkte realisieren, die sich an dem Nutzen f\u00fcr unsere Kunden orientieren.<\/p>\n<p>Grunds\u00e4tzlich bem\u00fchen wir uns alle \u00c4nderungen, Verbesserungen, etc. Kunden \u00fcbergreifend zu programmieren.[\/vc_column_text][\/vc_column][\/vc_row][\/vc_section][vc_section css=&#8220;.vc_custom_1657176104076{background-color: #00192f !important;}&#8220; el_id=&#8220;schwerpunkte&#8220;][vc_row gap=&#8220;35&#8243; equal_height=&#8220;yes&#8220; content_placement=&#8220;middle&#8220; el_class=&#8220;it-container&#8220; css=&#8220;.vc_custom_1634632446855{margin-bottom: 50px !important;}&#8220;][vc_column width=&#8220;1\/5&#8243; css=&#8220;.vc_custom_1634631914085{background-color: #6fbcc6 !important;}&#8220; el_class=&#8220;schwerpunkt&#8220;][vc_column_text]<\/p>\n<p style=\"text-align: center;\">TeMIS<br \/>\nWIPS\u00ae<\/p>\n<p>[\/vc_column_text][\/vc_column][vc_column width=&#8220;1\/5&#8243; el_class=&#8220;schwerpunkt&#8220; css=&#8220;.vc_custom_1634631939567{background-color: #3688bc !important;}&#8220;][vc_column_text]<\/p>\n<p style=\"text-align: center;\">WIPS\u00ae<br \/>\nLight<\/p>\n<p>[\/vc_column_text][\/vc_column][vc_column width=&#8220;1\/5&#8243; el_class=&#8220;schwerpunkt&#8220; css=&#8220;.vc_custom_1634631953362{background-color: #4eabbc !important;}&#8220;][vc_column_text]<\/p>\n<p style=\"text-align: center;\">WIPS\u00ae<br \/>\nBeistel-<br \/>\nlung<\/p>\n<p>[\/vc_column_text][\/vc_column][vc_column width=&#8220;1\/5&#8243; el_class=&#8220;schwerpunkt&#8220; css=&#8220;.vc_custom_1634631971385{background-color: #a0cbd6 !important;}&#8220;][vc_column_text]<\/p>\n<p style=\"text-align: center;\">WIPS\u00ae<br \/>\nEMC<\/p>\n<p>[\/vc_column_text][\/vc_column][vc_column width=&#8220;1\/5&#8243; el_class=&#8220;schwerpunkt&#8220; css=&#8220;.vc_custom_1634632037753{background-color: #2966a2 !important;}&#8220;][vc_column_text]<\/p>\n<p style=\"text-align: center;\">WIPS\u00ae<br \/>\nMeld<\/p>\n<p>[\/vc_column_text][\/vc_column][\/vc_row][vc_row el_class=&#8220;it-container text-white&#8220;][vc_column width=&#8220;2\/3&#8243;][vc_column_text]<\/p>\n<h2>Unsere <strong>Schwerpunkte<\/strong><\/h2>\n<p>[\/vc_column_text][vc_row_inner][vc_column_inner el_class=&#8220;schwerpunkte-number&#8220; width=&#8220;1\/2&#8243; offset=&#8220;vc_col-xs-1&#8243;][vc_column_text]<strong>Predictive,<\/strong><br \/>\nvorausschauende Instandhaltung[\/vc_column_text][vc_column_text]<\/p>\n<p><strong>Preventive,<\/strong><br \/>\nvorbeugende Instandhaltung<\/p>\n<p>[\/vc_column_text][\/vc_column_inner][vc_column_inner width=&#8220;1\/2&#8243;][vc_column_text]<strong>Prozess- \/ Zustandsgesteuerte<\/strong><br \/>\nInstandhaltung[\/vc_column_text][vc_column_text]<strong>Neuronaler Netze<\/strong><br \/>\nin der\u00a0Instandhaltung[\/vc_column_text][\/vc_column_inner][\/vc_row_inner][\/vc_column][vc_column width=&#8220;1\/3&#8243;][vc_column_text]<\/p>\n<h2>Unsere <strong>L\u00f6sungen<\/strong><\/h2>\n<p>[\/vc_column_text][vc_row_inner][vc_column_inner][vc_column_text]<\/p>\n<ul>\n<li>Wartung, Service, Instandhaltung<\/li>\n<li>Facility Management, Fuhrparks-Verwaltung<\/li>\n<li>Lagerverwaltung, Bestellwesen<\/li>\n<li>Ressourcen-, Ersatzteile Verwaltung<\/li>\n<li>Energie Management Controlling (EMC)<\/li>\n<li>Mehrsprachig, Schnittstellen zu anderen Systemen<\/li>\n<\/ul>\n<p>[\/vc_column_text][\/vc_column_inner][\/vc_row_inner][\/vc_column][\/vc_row][\/vc_section][vc_section el_id=&#8220;programme&#8220;][vc_row el_class=&#8220;it-container&#8220;][vc_column][vc_column_text]<\/p>\n<h2 class=\"p1\">Unsere <b>Programme<\/b><\/h2>\n<p>[\/vc_column_text][\/vc_column][\/vc_row][vc_row el_class=&#8220;it-container&#8220;][vc_column width=&#8220;1\/2&#8243;][vc_column_text css=&#8220;.vc_custom_1657120462227{padding-top: 8px !important;padding-right: 16px !important;padding-bottom: 8px !important;padding-left: 16px !important;background-color: #52bec8 !important;border-radius: 15px !important;}&#8220;]<\/p>\n<h3 class=\"p1\"><b>TeMIS WIPS<\/b><span class=\"s1\">\u00ae<\/span><\/h3>\n<p>[\/vc_column_text][vc_column_text]<\/p>\n<p class=\"p1\"><b>Das Instandhaltungssystem der Zukunft, es sind damit alle<br \/>\nInstandhaltungsbereiche eines Unternehmens durch eine<br \/>\neinzige Software abgedeckt.<span class=\"Apple-converted-space\">\u00a0<\/span><\/b><\/p>\n<p class=\"p2\">Diese Software wurde von Fachleuten aus der Praxis entwickelt, um dem Anwender eine Softwareunterst\u00fctzung an die Hand zu<br \/>\ngeben, sowohl f\u00fcr die gesamten Betriebs- und Produktionsanlagen, als auch f\u00fcr den Geb\u00e4udebereich (Facility Management System)und, wenn vorhanden, auch dem Fuhrparksbereich.<\/p>\n<p>[\/vc_column_text][\/vc_column][vc_column width=&#8220;1\/2&#8243;][vc_column_text css=&#8220;.vc_custom_1657120472396{padding-top: 8px !important;padding-right: 16px !important;padding-bottom: 8px !important;padding-left: 16px !important;background-color: #008bc1 !important;border-radius: 15px !important;}&#8220;]<\/p>\n<h3 class=\"p1\"><b>WIPS<\/b><span class=\"s1\">\u00ae<\/span><b>Light<\/b><\/h3>\n<p>[\/vc_column_text][vc_column_text]<\/p>\n<p class=\"p1\"><b>Sie wollen nicht gleich mit der umfangreichen Vollversion von<br \/>\nTeMIS-WIPS\u00ae beginnen, weil Sie nicht alle Funktionen ben\u00f6tigen, dann k\u00f6nnen Sie auch TeMIS-WIPS\u00ae-Light einsetzen. TeMIS-WIPS\u00ae-Light hat die gleiche Datenbasis und den gleichen Funktionsumfang, wie die TeMIS-WIPS\u00ae, es sind lediglich einige Funktionen nicht oder nur zum Teil freigeschaltet.<\/b><\/p>\n<p class=\"p1\">Wollen Sie sp\u00e4ter TeMIS-WIPS\u00ae-Light den Erfordernissen in Ihrem Unternehmen anpassen und auch den vollen Funktionsumfang von TeMIS-WIPS\u00ae nutzen, dann haben Sie die M\u00f6glichkeit auf TeMIS-WIPS\u00ae aufzur\u00fcsten.<\/p>\n<p>[\/vc_column_text][\/vc_column][\/vc_row][\/vc_section][vc_section css=&#8220;.vc_custom_1657177290815{padding-top: 100px !important;padding-bottom: 100px !important;background-color: #00192f !important;}&#8220; el_id=&#8220;kontakt&#8220; el_class=&#8220;text-white&#8220;][vc_row el_class=&#8220;it-container&#8220;][vc_column width=&#8220;1\/2&#8243;][vc_column_text]<\/p>\n<h2>Nehmen Sie <strong>Kontakt auf<\/strong><\/h2>\n<p>[\/vc_column_text][\/vc_column][vc_column width=&#8220;1\/2&#8243;][vc_single_image image=&#8220;155&#8243; img_size=&#8220;large&#8220; alignment=&#8220;right&#8220; el_class=&#8220;kontakt-logo&#8220;][\/vc_column][\/vc_row][\/vc_section]<\/p>\n","protected":false},"excerpt":{"rendered":"<p>[vc_section full_height=&#8220;yes&#8220; content_placement=&#8220;middle&#8220; css=&#8220;.vc_custom_1657116966847{background: #00192f url(https:\/\/oao.de\/draft\/wips\/wp-content\/uploads\/2021\/10\/home-bg.png?id=25) !important;background-position: 0 0 !important;background-repeat: no-repeat !important;}&#8220; el_id=&#8220;home&#8220;][vc_row el_class=&#8220;it-container&#8220;][vc_column css=&#8220;.vc_custom_1634652544727{padding-right: 0px !important;padding-left: 0px !important;}&#8220;][vc_column_text el_class=&#8220;home-title&#8220;] Wir bieten optimale Softwarel\u00f6sungen [\/vc_column_text][\/vc_column][\/vc_row][\/vc_section][vc_section css=&#8220;.vc_custom_1657176095982{background-color: #00192f !important;}&#8220; el_id=&#8220;industrie&#8220; el_class=&#8220;text-white&#8220;][vc_row equal_height=&#8220;yes&#8220; content_placement=&#8220;middle&#8220; el_class=&#8220;it-container&#8220;][vc_column width=&#8220;1\/2&#8243;][vc_column_text] Industrie 4.0 [\/vc_column_text][vc_column_text]Preventive Instandhaltung, das kann jeder. Predictive Maintenance, d.h. vorausschauende Instandhaltung, das Schl\u00fcsselwort in der Industrie 4.0. Die Entscheidung f\u00fcr&#8230;<\/p>\n","protected":false},"author":1,"featured_media":0,"parent":0,"menu_order":1,"comment_status":"closed","ping_status":"closed","template":"","meta":{"_kad_post_transparent":"enable","_kad_post_title":"hide","_kad_post_layout":"fullwidth","_kad_post_sidebar_id":"","_kad_post_content_style":"unboxed","_kad_post_vertical_padding":"default","_kad_post_feature":"hide","_kad_post_feature_position":"","_kad_post_header":false,"_kad_post_footer":false,"footnotes":""},"class_list":["post-17","page","type-page","status-publish","hentry"],"_links":{"self":[{"href":"https:\/\/oao.de\/draft\/wips\/wp-json\/wp\/v2\/pages\/17","targetHints":{"allow":["GET"]}}],"collection":[{"href":"https:\/\/oao.de\/draft\/wips\/wp-json\/wp\/v2\/pages"}],"about":[{"href":"https:\/\/oao.de\/draft\/wips\/wp-json\/wp\/v2\/types\/page"}],"author":[{"embeddable":true,"href":"https:\/\/oao.de\/draft\/wips\/wp-json\/wp\/v2\/users\/1"}],"replies":[{"embeddable":true,"href":"https:\/\/oao.de\/draft\/wips\/wp-json\/wp\/v2\/comments?post=17"}],"version-history":[{"count":118,"href":"https:\/\/oao.de\/draft\/wips\/wp-json\/wp\/v2\/pages\/17\/revisions"}],"predecessor-version":[{"id":254,"href":"https:\/\/oao.de\/draft\/wips\/wp-json\/wp\/v2\/pages\/17\/revisions\/254"}],"wp:attachment":[{"href":"https:\/\/oao.de\/draft\/wips\/wp-json\/wp\/v2\/media?parent=17"}],"curies":[{"name":"wp","href":"https:\/\/api.w.org\/{rel}","templated":true}]}}