{"id":1873,"date":"2020-10-23T13:22:05","date_gmt":"2020-10-23T11:22:05","guid":{"rendered":"https:\/\/oao.de\/draft\/schickmv\/?page_id=1873"},"modified":"2020-10-23T13:28:07","modified_gmt":"2020-10-23T11:28:07","slug":"verwaltungsanfrage","status":"publish","type":"page","link":"https:\/\/oao.de\/draft\/schickmv\/verwaltungsanfrage\/","title":{"rendered":"Verwaltungsanfrage"},"content":{"rendered":"<p>[et_pb_section fb_built=&#8220;1&#8243; module_id=&#8220;formulare&#8220; module_class=&#8220;ds-section&#8220; _builder_version=&#8220;4.3.4&#8243; width=&#8220;100%&#8220; max_width=&#8220;100%&#8220; module_alignment=&#8220;center&#8220; custom_margin=&#8220;-120px||||false|false&#8220; custom_padding=&#8220;10vw||5vw||false|false&#8220;][et_pb_row _builder_version=&#8220;4.6.6&#8243; width=&#8220;82%&#8220; max_width=&#8220;82%&#8220; custom_padding=&#8220;||0px||false|false&#8220;][et_pb_column type=&#8220;4_4&#8243; _builder_version=&#8220;4.3.2&#8243;][et_pb_text _builder_version=&#8220;4.6.6&#8243; header_3_font=&#8220;|600|||||||&#8220; header_3_font_size=&#8220;36px&#8220; custom_margin=&#8220;||20px||false|false&#8220;]<\/p>\n<h3>Verwaltungsanfrage<\/h3>\n<p>[\/et_pb_text][et_pb_text _builder_version=&#8220;4.6.6&#8243; _module_preset=&#8220;default&#8220; hover_enabled=&#8220;0&#8243; sticky_enabled=&#8220;0&#8243;]<div class=\"frm_forms  with_frm_style frm_style_formidable-style\" id=\"frm_form_1_container\" >\n<form enctype=\"multipart\/form-data\" method=\"post\" class=\"frm-show-form  frm_js_validate \" id=\"form_verwaltungsanfrage\"  >\n<div class=\"frm_form_fields \">\n<fieldset>\n<legend class=\"frm_screen_reader\">Verwaltungsanfrage<\/legend>\r\n\r\n<div class=\"frm_description\"><h2>Sie suchen eine Hausverwaltung f\u00fcr Ihre Immobilie? \u2013 Gerne k\u00f6nnen Sie \u201eeinfach\u201c bei uns anfragen!<\/h2>\n<\/div><div class=\"frm_fields_container\">\n<input type=\"hidden\" name=\"frm_action\" value=\"create\" \/>\n<input type=\"hidden\" name=\"form_id\" value=\"1\" \/>\n<input type=\"hidden\" name=\"frm_hide_fields_1\" id=\"frm_hide_fields_1\" value=\"\" \/>\n<input type=\"hidden\" name=\"form_key\" value=\"verwaltungsanfrage\" \/>\n<input type=\"hidden\" name=\"item_meta[0]\" value=\"\" \/>\n<input type=\"hidden\" id=\"frm_submit_entry_1\" name=\"frm_submit_entry_1\" value=\"c59f225e00\" \/><input type=\"hidden\" name=\"_wp_http_referer\" value=\"\/draft\/schickmv\/wp-json\/wp\/v2\/pages\/1873\" \/><div id=\"frm_field_9_container\" class=\"frm_form_field  frm_html_container form-field\">Achtung:  Felder mit \u201eStern (<span class=\"frm_required\">*<\/span>)\u201c sind Pflichtfelder. Diese m\u00fcssen ausgef\u00fcllt werden, nur dann ist es m\u00f6glich, das Formular abzuschicken! <\/div>\n<div id=\"frm_field_8_container\" class=\"frm_form_field form-field  frm_top_container vertical_radio\">\r\n    <div  id=\"field_eu7hd_label\" class=\"frm_primary_label\">Ich bin an folgenden Dienstleistungen der Schick Miet- und Verwaltungs GmbH & Co. KG interessiert:\r\n        <span class=\"frm_required\"><\/span>\r\n    <\/div>\r\n    <div class=\"frm_opt_container\" aria-labelledby=\"field_eu7hd_label\" role=\"group\">\t\t<div class=\"frm_checkbox\" id=\"frm_checkbox_8-0\"><label for=\"field_eu7hd-0\"><input type=\"checkbox\" name=\"item_meta[8][]\" id=\"field_eu7hd-0\" value=\"WEG-Verwaltung\"  data-invmsg=\"Ich bin an folgenden Dienstleistungen der Schick Miet- und Verwaltungs GmbH &amp; Co. KG interessiert: ist ung\u00fcltig\" aria-invalid=\"false\"   \/> WEG-Verwaltung<\/label><\/div>\n\t\t<div class=\"frm_checkbox\" id=\"frm_checkbox_8-1\"><label for=\"field_eu7hd-1\"><input type=\"checkbox\" name=\"item_meta[8][]\" id=\"field_eu7hd-1\" value=\"Miet- bzw. Sondereigentumsverwaltung\"  data-invmsg=\"Ich bin an folgenden Dienstleistungen der Schick Miet- und Verwaltungs GmbH &amp; Co. KG interessiert: ist ung\u00fcltig\" aria-invalid=\"false\"   \/> Miet- bzw. Sondereigentumsverwaltung<\/label><\/div>\n<\/div>\r\n    \r\n    \r\n<\/div>\n<div id=\"frm_field_11_container\" class=\"frm_form_field form-field  frm_top_container vertical_radio\">\r\n    <div  id=\"field_q913h_label\" class=\"frm_primary_label\">Ich bin an einem Gespr\u00e4ch bzw. einer Zusammenarbeit mit der Schick Miet- und Verwaltungs GmbH & Co. KG interessiert: \r\n        <span class=\"frm_required\"><\/span>\r\n    <\/div>\r\n    <div class=\"frm_opt_container\" aria-labelledby=\"field_q913h_label\" role=\"group\">\t\t<div class=\"frm_checkbox\" id=\"frm_checkbox_11-0\"><label for=\"field_q913h-0\"><input type=\"checkbox\" name=\"item_meta[11][]\" id=\"field_q913h-0\" value=\"Bitte rufen Sie mich zur\u00fcck, um einen Gespr\u00e4chstermin zu vereinbaren\"  data-invmsg=\"Ich bin an einem Gespr\u00e4ch bzw. einer Zusammenarbeit mit der Schick Miet- und Verwaltungs GmbH &amp; Co. KG interessiert:  ist ung\u00fcltig\" aria-invalid=\"false\"   \/> Bitte rufen Sie mich zur\u00fcck, um einen Gespr\u00e4chstermin zu vereinbaren<\/label><\/div>\n<\/div>\r\n    \r\n    \r\n<\/div>\n<div id=\"frm_field_12_container\" class=\"frm_form_field  frm_html_container form-field\">\n<p>Bitte senden Sie mir ein Angebot f\u00fcr die Verwaltung folgender Immobilie zu:<\/p>\n<\/div>\n<div id=\"frm_field_1_container\" class=\"frm_form_field form-field  frm_top_container frm12\">\r\n    <label for=\"field_qh4icy\" id=\"field_qh4icy_label\" class=\"frm_primary_label\">Objektadresse:\r\n        <span class=\"frm_required\"><\/span>\r\n    <\/label>\r\n    <input type=\"text\" id=\"field_qh4icy\" name=\"item_meta[1]\" value=\"\"  data-invmsg=\"Name is invalid\" aria-invalid=\"false\"  \/>\r\n    \r\n    \r\n<\/div>\n<div id=\"frm_field_13_container\" class=\"frm_form_field form-field  frm_top_container frm_first frm_half\">\r\n    <label for=\"field_lxlr2\" id=\"field_lxlr2_label\" class=\"frm_primary_label\">Anzahl der Wohnungen\r\n        <span class=\"frm_required\"><\/span>\r\n    <\/label>\r\n    <input type=\"number\" id=\"field_lxlr2\" name=\"item_meta[13]\" value=\"\"  data-invmsg=\"Number is invalid\" aria-invalid=\"false\"   min=\"0\" max=\"99\" step=\"1\"\/>\r\n    \r\n    \r\n<\/div>\n<div id=\"frm_field_144_container\" class=\"frm_form_field form-field  frm_top_container frm_half\">\r\n    <label for=\"field_z6jhw\" id=\"field_z6jhw_label\" class=\"frm_primary_label\">Anzahl Gewerbe\r\n        <span class=\"frm_required\"><\/span>\r\n    <\/label>\r\n    <input type=\"number\" id=\"field_z6jhw\" name=\"item_meta[144]\" value=\"\"  data-invmsg=\"Number is invalid\" aria-invalid=\"false\"   min=\"0\" max=\"99\" step=\"1\"\/>\r\n    \r\n    \r\n<\/div>\n<div id=\"frm_field_15_container\" class=\"frm_form_field form-field  frm_top_container frm_first frm_half\">\r\n    <label for=\"field_phs6u\" id=\"field_phs6u_label\" class=\"frm_primary_label\">Anzahl Garagen\r\n        <span class=\"frm_required\"><\/span>\r\n    <\/label>\r\n    <input type=\"number\" id=\"field_phs6u\" name=\"item_meta[15]\" value=\"\"  data-invmsg=\"Number is invalid\" aria-invalid=\"false\"   min=\"0\" max=\"99\" step=\"1\"\/>\r\n    \r\n    \r\n<\/div>\n<div id=\"frm_field_16_container\" class=\"frm_form_field form-field  frm_top_container frm_half\">\r\n    <label for=\"field_nrxq5\" id=\"field_nrxq5_label\" class=\"frm_primary_label\">Tiefgaragenpl\u00e4tze\r\n        <span class=\"frm_required\"><\/span>\r\n    <\/label>\r\n    <input type=\"number\" id=\"field_nrxq5\" name=\"item_meta[16]\" value=\"\"  data-invmsg=\"Number is invalid\" aria-invalid=\"false\"   min=\"0\" max=\"99\" step=\"1\"\/>\r\n    \r\n    \r\n<\/div>\n<div id=\"frm_field_21_container\" class=\"frm_form_field  frm_html_container form-field\">\n<h2>Geben Sie bitte Ihren Namen und Ihre Anschrift ein:<\/h2>\n<\/div>\n<div id=\"frm_field_17_container\" class=\"frm_form_field form-field  frm_required_field frm_top_container frm12\">\r\n    <label for=\"field_zaxh9\" id=\"field_zaxh9_label\" class=\"frm_primary_label\">Vor-\/Nachname\r\n        <span class=\"frm_required\">*<\/span>\r\n    <\/label>\r\n    <input type=\"text\" id=\"field_zaxh9\" name=\"item_meta[17]\" value=\"\"  data-reqmsg=\"Dieses Feld darf nicht leer sein.\" aria-required=\"true\" data-invmsg=\"Text is invalid\" aria-invalid=\"false\"  \/>\r\n    \r\n    \r\n<\/div>\n<div id=\"frm_field_18_container\" class=\"frm_form_field form-field  frm_required_field frm_top_container frm_first frm_half\">\r\n    <label for=\"field_h1yad\" id=\"field_h1yad_label\" class=\"frm_primary_label\">Stra\u00dfe\r\n        <span class=\"frm_required\">*<\/span>\r\n    <\/label>\r\n    <input type=\"text\" id=\"field_h1yad\" name=\"item_meta[18]\" value=\"\"  data-reqmsg=\"Dieses Feld darf nicht leer sein.\" aria-required=\"true\" data-invmsg=\"Text is invalid\" aria-invalid=\"false\"  \/>\r\n    \r\n    \r\n<\/div>\n<div id=\"frm_field_19_container\" class=\"frm_form_field form-field  frm_required_field frm_top_container frm_half\">\r\n    <label for=\"field_3eo3a\" id=\"field_3eo3a_label\" class=\"frm_primary_label\">Postleitzahl\/Ort\r\n        <span class=\"frm_required\">*<\/span>\r\n    <\/label>\r\n    <input type=\"text\" id=\"field_3eo3a\" name=\"item_meta[19]\" value=\"\"  data-reqmsg=\"Dieses Feld darf nicht leer sein.\" aria-required=\"true\" data-invmsg=\"Text is invalid\" aria-invalid=\"false\"  \/>\r\n    \r\n    \r\n<\/div>\n<div id=\"frm_field_3_container\" class=\"frm_form_field form-field  frm_required_field frm_top_container frm_full\">\r\n    <label for=\"field_29yf4d\" id=\"field_29yf4d_label\" class=\"frm_primary_label\">E-Mail-Adresse\r\n        <span class=\"frm_required\">*<\/span>\r\n    <\/label>\r\n    <input type=\"email\" id=\"field_29yf4d\" name=\"item_meta[3]\" value=\"\"  data-reqmsg=\"Dieses Feld darf nicht leer sein.\" aria-required=\"true\" data-invmsg=\"Bitte geben Sie eine g\u00fcltige E-Mail-Adresse ein.\" aria-invalid=\"false\"  \/>\r\n    \r\n    \r\n<\/div>\n<div id=\"frm_field_20_container\" class=\"frm_form_field form-field  frm_required_field frm_top_container frm12\">\r\n    <label for=\"field_9ragh\" id=\"field_9ragh_label\" class=\"frm_primary_label\">Telefon\r\n        <span class=\"frm_required\">*<\/span>\r\n    <\/label>\r\n    <input type=\"text\" id=\"field_9ragh\" name=\"item_meta[20]\" value=\"\"  data-reqmsg=\"Dieses Feld darf nicht leer sein.\" aria-required=\"true\" data-invmsg=\"Text is invalid\" aria-invalid=\"false\"  \/>\r\n    \r\n    \r\n<\/div>\n<div id=\"frm_field_22_container\" class=\"frm_form_field form-field  frm_required_field frm_none_container vertical_radio\">\r\n    <div  id=\"field_9glld_label\" class=\"frm_primary_label\">Datenschutzerkl\u00e4rung\r\n        <span class=\"frm_required\">*<\/span>\r\n    <\/div>\r\n    <div class=\"frm_opt_container\" aria-labelledby=\"field_9glld_label\" role=\"group\">\t\t<div class=\"frm_checkbox\" id=\"frm_checkbox_22-0\"><label for=\"field_9glld-0\"><input type=\"checkbox\" name=\"item_meta[22][]\" id=\"field_9glld-0\" value=\"Mit der Schaltfl\u00e4che \u201eAbsenden\u201c erkl\u00e4ren Sie sich damit einverstanden, dass die im Rahmen dieses Formulars und im Rahmen einer eventuellen sp\u00e4teren Kontaktaufnahme erhobenen personenbezogenen Daten von der Schick Miet- und Verwaltungs GmbH &amp; Co. KG gespeichert und ausschlie\u00dflich f\u00fcr den Zweck der Kontaktaufnahme genutzt werden.\"  data-reqmsg=\"Dieses Feld darf nicht leer sein.\" data-invmsg=\"Datenschutzerkl\u00e4rung ist ung\u00fcltig\" aria-invalid=\"false\"   \/> Mit der Schaltfl\u00e4che \u201eAbsenden\u201c erkl\u00e4ren Sie sich damit einverstanden, dass die im Rahmen dieses Formulars und im Rahmen einer eventuellen sp\u00e4teren Kontaktaufnahme erhobenen personenbezogenen Daten von der Schick Miet- und Verwaltungs GmbH &amp; Co. KG gespeichert und ausschlie\u00dflich f\u00fcr den Zweck der Kontaktaufnahme genutzt werden.<\/label><\/div>\n<\/div>\r\n    \r\n    \r\n<\/div>\n<div id=\"frm_field_23_container\" class=\"frm_form_field  frm_html_container form-field\">F&#252;r weitere Informationen lesen Sie unsere <a href=\"https:\/\/oao.de\/draft\/schickmv\/datenschutzerklaerung\/\">Datenschutzerkl\u00e4rung<\/a>.<br \/>\nSie k\u00f6nnen diese Einwilligung jederzeit mit Wirkung f&#252;r die Zukunft widerrufen.<\/div>\n<input type=\"hidden\" name=\"item_key\" value=\"\" \/>\n\t<div class=\"frm_submit\">\r\n\r\n<button class=\"frm_button_submit\" type=\"submit\"  >Senden<\/button>\r\n\r\n<\/div><div class=\"frm_verify\" aria-hidden=\"true\">\n\t<label for=\"frm_verify_1\">\n\t\tFalls Du menschlich bist, lasse dieses Feld leer.\t<\/label>\n\t<input type=\"text\" class=\"frm_verify\" id=\"frm_verify_1\" name=\"frm_verify\" value=\"\"  \/>\n<\/div>\n<\/div>\n<\/fieldset>\n<\/div>\n<\/form>\n<\/div>\n[\/et_pb_text][\/et_pb_column][\/et_pb_row][\/et_pb_section]<\/p>\n","protected":false},"excerpt":{"rendered":"<p>Verwaltungsanfrage<div class=\"frm_forms  with_frm_style frm_style_formidable-style\" id=\"frm_form_1_container\" >\n<form enctype=\"multipart\/form-data\" method=\"post\" class=\"frm-show-form  frm_js_validate \" id=\"form_verwaltungsanfrage\"  >\n<div class=\"frm_form_fields \">\n<fieldset>\n<legend class=\"frm_screen_reader\">Verwaltungsanfrage<\/legend>\r\n\r\n<div class=\"frm_description\"><h2>Sie suchen eine Hausverwaltung f\u00fcr Ihre Immobilie? \u2013 Gerne k\u00f6nnen Sie \u201eeinfach\u201c bei uns anfragen!<\/h2>\n<\/div><div class=\"frm_fields_container\">\n<input type=\"hidden\" name=\"frm_action\" value=\"create\" \/>\n<input type=\"hidden\" name=\"form_id\" value=\"1\" \/>\n<input type=\"hidden\" name=\"frm_hide_fields_1\" id=\"frm_hide_fields_1\" value=\"\" \/>\n<input type=\"hidden\" name=\"form_key\" value=\"verwaltungsanfrage\" \/>\n<input type=\"hidden\" name=\"item_meta[0]\" value=\"\" \/>\n<input type=\"hidden\" id=\"frm_submit_entry_1\" name=\"frm_submit_entry_1\" value=\"c59f225e00\" \/><input type=\"hidden\" name=\"_wp_http_referer\" value=\"\/draft\/schickmv\/wp-json\/wp\/v2\/pages\/1873\" \/><div id=\"frm_field_9_container\" class=\"frm_form_field  frm_html_container form-field\">Achtung:  Felder mit \u201eStern (<span class=\"frm_required\">*<\/span>)\u201c sind Pflichtfelder. Diese m\u00fcssen ausgef\u00fcllt werden, nur dann ist es m\u00f6glich, das Formular abzuschicken! <\/div>\n<div id=\"frm_field_8_container\" class=\"frm_form_field form-field  frm_top_container vertical_radio\">\r\n    <div  id=\"field_eu7hd_label\" class=\"frm_primary_label\">Ich bin an folgenden Dienstleistungen der Schick Miet- und Verwaltungs GmbH & Co. KG interessiert:\r\n        <span class=\"frm_required\"><\/span>\r\n    <\/div>\r\n    <div class=\"frm_opt_container\" aria-labelledby=\"field_eu7hd_label\" role=\"group\">\t\t<div class=\"frm_checkbox\" id=\"frm_checkbox_8-0\"><label for=\"field_eu7hd-0\"><input type=\"checkbox\" name=\"item_meta[8][]\" id=\"field_eu7hd-0\" value=\"WEG-Verwaltung\"  data-invmsg=\"Ich bin an folgenden Dienstleistungen der Schick Miet- und Verwaltungs GmbH &amp; Co. KG interessiert: ist ung\u00fcltig\" aria-invalid=\"false\"   \/> WEG-Verwaltung<\/label><\/div>\n\t\t<div class=\"frm_checkbox\" id=\"frm_checkbox_8-1\"><label for=\"field_eu7hd-1\"><input type=\"checkbox\" name=\"item_meta[8][]\" id=\"field_eu7hd-1\" value=\"Miet- bzw. Sondereigentumsverwaltung\"  data-invmsg=\"Ich bin an folgenden Dienstleistungen der Schick Miet- und Verwaltungs GmbH &amp; Co. KG interessiert: ist ung\u00fcltig\" aria-invalid=\"false\"   \/> Miet- bzw. Sondereigentumsverwaltung<\/label><\/div>\n<\/div>\r\n    \r\n    \r\n<\/div>\n<div id=\"frm_field_11_container\" class=\"frm_form_field form-field  frm_top_container vertical_radio\">\r\n    <div  id=\"field_q913h_label\" class=\"frm_primary_label\">Ich bin an einem Gespr\u00e4ch bzw. einer Zusammenarbeit mit der Schick Miet- und Verwaltungs GmbH & Co. KG interessiert: \r\n        <span class=\"frm_required\"><\/span>\r\n    <\/div>\r\n    <div class=\"frm_opt_container\" aria-labelledby=\"field_q913h_label\" role=\"group\">\t\t<div class=\"frm_checkbox\" id=\"frm_checkbox_11-0\"><label for=\"field_q913h-0\"><input type=\"checkbox\" name=\"item_meta[11][]\" id=\"field_q913h-0\" value=\"Bitte rufen Sie mich zur\u00fcck, um einen Gespr\u00e4chstermin zu vereinbaren\"  data-invmsg=\"Ich bin an einem Gespr\u00e4ch bzw. einer Zusammenarbeit mit der Schick Miet- und Verwaltungs GmbH &amp; Co. KG interessiert:  ist ung\u00fcltig\" aria-invalid=\"false\"   \/> Bitte rufen Sie mich zur\u00fcck, um einen Gespr\u00e4chstermin zu vereinbaren<\/label><\/div>\n<\/div>\r\n    \r\n    \r\n<\/div>\n<div id=\"frm_field_12_container\" class=\"frm_form_field  frm_html_container form-field\">\n<p>Bitte senden Sie mir ein Angebot f\u00fcr die Verwaltung folgender Immobilie zu:<\/p>\n<\/div>\n<div id=\"frm_field_1_container\" class=\"frm_form_field form-field  frm_top_container frm12\">\r\n    <label for=\"field_qh4icy\" id=\"field_qh4icy_label\" class=\"frm_primary_label\">Objektadresse:\r\n        <span class=\"frm_required\"><\/span>\r\n    <\/label>\r\n    <input type=\"text\" id=\"field_qh4icy\" name=\"item_meta[1]\" value=\"\"  data-invmsg=\"Name is invalid\" aria-invalid=\"false\"  \/>\r\n    \r\n    \r\n<\/div>\n<div id=\"frm_field_13_container\" class=\"frm_form_field form-field  frm_top_container frm_first frm_half\">\r\n    <label for=\"field_lxlr2\" id=\"field_lxlr2_label\" class=\"frm_primary_label\">Anzahl der Wohnungen\r\n        <span class=\"frm_required\"><\/span>\r\n    <\/label>\r\n    <input type=\"number\" id=\"field_lxlr2\" name=\"item_meta[13]\" value=\"\"  data-invmsg=\"Number is invalid\" aria-invalid=\"false\"   min=\"0\" max=\"99\" step=\"1\"\/>\r\n    \r\n    \r\n<\/div>\n<div id=\"frm_field_144_container\" class=\"frm_form_field form-field  frm_top_container frm_half\">\r\n    <label for=\"field_z6jhw\" id=\"field_z6jhw_label\" class=\"frm_primary_label\">Anzahl Gewerbe\r\n        <span class=\"frm_required\"><\/span>\r\n    <\/label>\r\n    <input type=\"number\" id=\"field_z6jhw\" name=\"item_meta[144]\" value=\"\"  data-invmsg=\"Number is invalid\" aria-invalid=\"false\"   min=\"0\" max=\"99\" step=\"1\"\/>\r\n    \r\n    \r\n<\/div>\n<div id=\"frm_field_15_container\" class=\"frm_form_field form-field  frm_top_container frm_first frm_half\">\r\n    <label for=\"field_phs6u\" id=\"field_phs6u_label\" class=\"frm_primary_label\">Anzahl Garagen\r\n        <span class=\"frm_required\"><\/span>\r\n    <\/label>\r\n    <input type=\"number\" id=\"field_phs6u\" name=\"item_meta[15]\" value=\"\"  data-invmsg=\"Number is invalid\" aria-invalid=\"false\"   min=\"0\" max=\"99\" step=\"1\"\/>\r\n    \r\n    \r\n<\/div>\n<div id=\"frm_field_16_container\" class=\"frm_form_field form-field  frm_top_container frm_half\">\r\n    <label for=\"field_nrxq5\" id=\"field_nrxq5_label\" class=\"frm_primary_label\">Tiefgaragenpl\u00e4tze\r\n        <span class=\"frm_required\"><\/span>\r\n    <\/label>\r\n    <input type=\"number\" id=\"field_nrxq5\" name=\"item_meta[16]\" value=\"\"  data-invmsg=\"Number is invalid\" aria-invalid=\"false\"   min=\"0\" max=\"99\" step=\"1\"\/>\r\n    \r\n    \r\n<\/div>\n<div id=\"frm_field_21_container\" class=\"frm_form_field  frm_html_container form-field\">\n<h2>Geben Sie bitte Ihren Namen und Ihre Anschrift ein:<\/h2>\n<\/div>\n<div id=\"frm_field_17_container\" class=\"frm_form_field form-field  frm_required_field frm_top_container frm12\">\r\n    <label for=\"field_zaxh9\" id=\"field_zaxh9_label\" class=\"frm_primary_label\">Vor-\/Nachname\r\n        <span class=\"frm_required\">*<\/span>\r\n    <\/label>\r\n    <input type=\"text\" id=\"field_zaxh9\" name=\"item_meta[17]\" value=\"\"  data-reqmsg=\"Dieses Feld darf nicht leer sein.\" aria-required=\"true\" data-invmsg=\"Text is invalid\" aria-invalid=\"false\"  \/>\r\n    \r\n    \r\n<\/div>\n<div id=\"frm_field_18_container\" class=\"frm_form_field form-field  frm_required_field frm_top_container frm_first frm_half\">\r\n    <label for=\"field_h1yad\" id=\"field_h1yad_label\" class=\"frm_primary_label\">Stra\u00dfe\r\n        <span class=\"frm_required\">*<\/span>\r\n    <\/label>\r\n    <input type=\"text\" id=\"field_h1yad\" name=\"item_meta[18]\" value=\"\"  data-reqmsg=\"Dieses Feld darf nicht leer sein.\" aria-required=\"true\" data-invmsg=\"Text is invalid\" aria-invalid=\"false\"  \/>\r\n    \r\n    \r\n<\/div>\n<div id=\"frm_field_19_container\" class=\"frm_form_field form-field  frm_required_field frm_top_container frm_half\">\r\n    <label for=\"field_3eo3a\" id=\"field_3eo3a_label\" class=\"frm_primary_label\">Postleitzahl\/Ort\r\n        <span class=\"frm_required\">*<\/span>\r\n    <\/label>\r\n    <input type=\"text\" id=\"field_3eo3a\" name=\"item_meta[19]\" value=\"\"  data-reqmsg=\"Dieses Feld darf nicht leer sein.\" aria-required=\"true\" data-invmsg=\"Text is invalid\" aria-invalid=\"false\"  \/>\r\n    \r\n    \r\n<\/div>\n<div id=\"frm_field_3_container\" class=\"frm_form_field form-field  frm_required_field frm_top_container frm_full\">\r\n    <label for=\"field_29yf4d\" id=\"field_29yf4d_label\" class=\"frm_primary_label\">E-Mail-Adresse\r\n        <span class=\"frm_required\">*<\/span>\r\n    <\/label>\r\n    <input type=\"email\" id=\"field_29yf4d\" name=\"item_meta[3]\" value=\"\"  data-reqmsg=\"Dieses Feld darf nicht leer sein.\" aria-required=\"true\" data-invmsg=\"Bitte geben Sie eine g\u00fcltige E-Mail-Adresse ein.\" aria-invalid=\"false\"  \/>\r\n    \r\n    \r\n<\/div>\n<div id=\"frm_field_20_container\" class=\"frm_form_field form-field  frm_required_field frm_top_container frm12\">\r\n    <label for=\"field_9ragh\" id=\"field_9ragh_label\" class=\"frm_primary_label\">Telefon\r\n        <span class=\"frm_required\">*<\/span>\r\n    <\/label>\r\n    <input type=\"text\" id=\"field_9ragh\" name=\"item_meta[20]\" value=\"\"  data-reqmsg=\"Dieses Feld darf nicht leer sein.\" aria-required=\"true\" data-invmsg=\"Text is invalid\" aria-invalid=\"false\"  \/>\r\n    \r\n    \r\n<\/div>\n<div id=\"frm_field_22_container\" class=\"frm_form_field form-field  frm_required_field frm_none_container vertical_radio\">\r\n    <div  id=\"field_9glld_label\" class=\"frm_primary_label\">Datenschutzerkl\u00e4rung\r\n        <span class=\"frm_required\">*<\/span>\r\n    <\/div>\r\n    <div class=\"frm_opt_container\" aria-labelledby=\"field_9glld_label\" role=\"group\">\t\t<div class=\"frm_checkbox\" id=\"frm_checkbox_22-0\"><label for=\"field_9glld-0\"><input type=\"checkbox\" name=\"item_meta[22][]\" id=\"field_9glld-0\" value=\"Mit der Schaltfl\u00e4che \u201eAbsenden\u201c erkl\u00e4ren Sie sich damit einverstanden, dass die im Rahmen dieses Formulars und im Rahmen einer eventuellen sp\u00e4teren Kontaktaufnahme erhobenen personenbezogenen Daten von der Schick Miet- und Verwaltungs GmbH &amp; Co. KG gespeichert und ausschlie\u00dflich f\u00fcr den Zweck der Kontaktaufnahme genutzt werden.\"  data-reqmsg=\"Dieses Feld darf nicht leer sein.\" data-invmsg=\"Datenschutzerkl\u00e4rung ist ung\u00fcltig\" aria-invalid=\"false\"   \/> Mit der Schaltfl\u00e4che \u201eAbsenden\u201c erkl\u00e4ren Sie sich damit einverstanden, dass die im Rahmen dieses Formulars und im Rahmen einer eventuellen sp\u00e4teren Kontaktaufnahme erhobenen personenbezogenen Daten von der Schick Miet- und Verwaltungs GmbH &amp; Co. KG gespeichert und ausschlie\u00dflich f\u00fcr den Zweck der Kontaktaufnahme genutzt werden.<\/label><\/div>\n<\/div>\r\n    \r\n    \r\n<\/div>\n<div id=\"frm_field_23_container\" class=\"frm_form_field  frm_html_container form-field\">F&#252;r weitere Informationen lesen Sie unsere <a href=\"https:\/\/oao.de\/draft\/schickmv\/datenschutzerklaerung\/\">Datenschutzerkl\u00e4rung<\/a>.<br \/>\nSie k\u00f6nnen diese Einwilligung jederzeit mit Wirkung f&#252;r die Zukunft widerrufen.<\/div>\n<input type=\"hidden\" name=\"item_key\" value=\"\" \/>\n\t<div class=\"frm_submit\">\r\n\r\n<button class=\"frm_button_submit\" type=\"submit\"  >Senden<\/button>\r\n\r\n<\/div><div class=\"frm_verify\" aria-hidden=\"true\">\n\t<label for=\"frm_verify_1\">\n\t\tFalls Du menschlich bist, lasse dieses Feld leer.\t<\/label>\n\t<input type=\"text\" class=\"frm_verify\" id=\"frm_verify_1\" name=\"frm_verify\" value=\"\"  \/>\n<\/div>\n<\/div>\n<\/fieldset>\n<\/div>\n<\/form>\n<\/div>\n<\/p>\n","protected":false},"author":12,"featured_media":0,"parent":0,"menu_order":0,"comment_status":"closed","ping_status":"closed","template":"","meta":{"_et_pb_use_builder":"on","_et_pb_old_content":"","_et_gb_content_width":""},"_links":{"self":[{"href":"https:\/\/oao.de\/draft\/schickmv\/wp-json\/wp\/v2\/pages\/1873"}],"collection":[{"href":"https:\/\/oao.de\/draft\/schickmv\/wp-json\/wp\/v2\/pages"}],"about":[{"href":"https:\/\/oao.de\/draft\/schickmv\/wp-json\/wp\/v2\/types\/page"}],"author":[{"embeddable":true,"href":"https:\/\/oao.de\/draft\/schickmv\/wp-json\/wp\/v2\/users\/12"}],"replies":[{"embeddable":true,"href":"https:\/\/oao.de\/draft\/schickmv\/wp-json\/wp\/v2\/comments?post=1873"}],"version-history":[{"count":3,"href":"https:\/\/oao.de\/draft\/schickmv\/wp-json\/wp\/v2\/pages\/1873\/revisions"}],"predecessor-version":[{"id":1879,"href":"https:\/\/oao.de\/draft\/schickmv\/wp-json\/wp\/v2\/pages\/1873\/revisions\/1879"}],"wp:attachment":[{"href":"https:\/\/oao.de\/draft\/schickmv\/wp-json\/wp\/v2\/media?parent=1873"}],"curies":[{"name":"wp","href":"https:\/\/api.w.org\/{rel}","templated":true}]}}